{"id":693,"date":"2025-06-05T11:11:00","date_gmt":"2025-06-05T11:11:00","guid":{"rendered":"https:\/\/gaidi.de\/?page_id=693"},"modified":"2026-04-05T04:40:31","modified_gmt":"2026-04-05T04:40:31","slug":"yanab","status":"publish","type":"page","link":"https:\/\/gaidi.de\/fr\/yanab\/","title":{"rendered":"YANA Berlin"},"content":{"rendered":"<div data-elementor-type=\"wp-page\" data-elementor-id=\"693\" class=\"elementor elementor-693\" data-elementor-post-type=\"page\">\n\t\t\t\t<div class=\"elementor-element elementor-element-1367754 e-flex e-con-boxed e-con e-parent\" data-id=\"1367754\" data-element_type=\"container\" data-e-type=\"container\">\n\t\t\t\t\t<div class=\"e-con-inner\">\n\t\t<div class=\"elementor-element elementor-element-53c3ee6 e-con-full e-flex e-con e-child\" data-id=\"53c3ee6\" data-element_type=\"container\" data-e-type=\"container\">\n\t\t<div class=\"elementor-element elementor-element-56f6d50 e-con-full e-flex e-con e-child\" data-id=\"56f6d50\" data-element_type=\"container\" data-e-type=\"container\">\n\t\t\t\t<div class=\"elementor-element elementor-element-b10aa04 elementor-widget elementor-widget-text-editor\" data-id=\"b10aa04\" data-element_type=\"widget\" data-e-type=\"widget\" data-widget_type=\"text-editor.default\">\n\t\t\t\t<div class=\"elementor-widget-container\">\n\t\t\t\t\t\t\t\t\t<p><img decoding=\"async\" class=\"wp-image-773  alignleft\" src=\"https:\/\/gaidi.de\/wp-content\/uploads\/2025\/06\/GAIDI-1.png\" alt=\"\" width=\"150\" height=\"70\" \/>YANA Berlin est un projet de soutien de GAIDI gUG qui se consacre aux demandeurs d'asile africains et aux autres migrants \u00e0 Berlin qui travaillent encore \u00e0 l'obtention d'un statut de r\u00e9sident s\u00fbr.<\/p><p>Le projet les aide \u00e0 surmonter le processus souvent d\u00e9courageant de la construction d'une nouvelle vie dans un pays \u00e9tranger.<\/p>\t\t\t\t\t\t\t\t<\/div>\n\t\t\t\t<\/div>\n\t\t\t\t<div class=\"elementor-element elementor-element-c57dcb0 elementor-widget elementor-widget-heading\" data-id=\"c57dcb0\" data-element_type=\"widget\" data-e-type=\"widget\" data-widget_type=\"heading.default\">\n\t\t\t\t<div class=\"elementor-widget-container\">\n\t\t\t\t\t<h2 class=\"elementor-heading-title elementor-size-default\">Ce que nous offrons<\/h2>\t\t\t\t<\/div>\n\t\t\t\t<\/div>\n\t\t\t\t<div class=\"elementor-element elementor-element-03fedef elementor-widget elementor-widget-text-editor\" data-id=\"03fedef\" data-element_type=\"widget\" data-e-type=\"widget\" data-widget_type=\"text-editor.default\">\n\t\t\t\t<div class=\"elementor-widget-container\">\n\t\t\t\t\t\t\t\t\t<p>Nos services sont con\u00e7us pour responsabiliser et soutenir les nouveaux arrivants dans leur parcours vers la stabilit\u00e9 et l'autonomie. Nous fournissons :<img fetchpriority=\"high\" decoding=\"async\" class=\"wp-image-695  alignright\" src=\"https:\/\/gaidi.de\/wp-content\/uploads\/2025\/06\/Graphic_YANAB-750x510.jpg\" alt=\"\" width=\"350\" height=\"238\" \/><\/p><ul><li>Conseils individuels et soutien de proximit\u00e9<\/li><li>Conseils juridiques sur les proc\u00e9dures d'asile et les droits de s\u00e9jour<\/li><li>Aide \u00e0 l'inscription \u00e0 des cours de langue allemande et \u00e0 des formations professionnelles<\/li><li>Soutien dans les relations avec les autorit\u00e9s publiques<\/li><li>Orientation vers les services d'aide disponibles \u00e0 Berlin<\/li><li>Manifestations d'information sur des sujets cl\u00e9s tels que le droit d'asile, l'\u00e9ducation, l'emploi et la sant\u00e9 mentale<\/li><li>Des liens avec la diaspora africaine de Berlin, pour aider les nouveaux arrivants \u00e0 se sentir vus, entendus et chez eux.<\/li><\/ul>\t\t\t\t\t\t\t\t<\/div>\n\t\t\t\t<\/div>\n\t\t\t\t<div class=\"elementor-element elementor-element-88a6adb elementor-widget elementor-widget-heading\" data-id=\"88a6adb\" data-element_type=\"widget\" data-e-type=\"widget\" data-widget_type=\"heading.default\">\n\t\t\t\t<div class=\"elementor-widget-container\">\n\t\t\t\t\t<h4 class=\"elementor-heading-title elementor-size-default\">Notre mission<\/h4>\t\t\t\t<\/div>\n\t\t\t\t<\/div>\n\t\t\t\t<div class=\"elementor-element elementor-element-66d4918 elementor-widget elementor-widget-text-editor\" data-id=\"66d4918\" data-element_type=\"widget\" data-e-type=\"widget\" data-widget_type=\"text-editor.default\">\n\t\t\t\t<div class=\"elementor-widget-container\">\n\t\t\t\t\t\t\t\t\t<p>Depuis le lancement de YANA Berlin en 2023, notre objectif est de renforcer la confiance en soi et l'ind\u00e9pendance des personnes que nous servons. Nous voulons contribuer \u00e0 briser le cycle de l'isolement et cr\u00e9er des parcours durables et \u00e0 long terme pour que les personnes puissent mener une vie autod\u00e9termin\u00e9e en Allemagne.<\/p><p>Gr\u00e2ce \u00e0 ses liens \u00e9troits avec les r\u00e9seaux locaux et nationaux, notre \u00e9quipe reste bien inform\u00e9e et est en mesure d'offrir un soutien rapide, efficace et compatissant.<\/p>\t\t\t\t\t\t\t\t<\/div>\n\t\t\t\t<\/div>\n\t\t\t\t<div class=\"elementor-element elementor-element-9d690f1 elementor-widget elementor-widget-heading\" data-id=\"9d690f1\" data-element_type=\"widget\" data-e-type=\"widget\" data-widget_type=\"heading.default\">\n\t\t\t\t<div class=\"elementor-widget-container\">\n\t\t\t\t\t<h4 class=\"elementor-heading-title elementor-size-default\">Appr\u00e9ciation<\/h4>\t\t\t\t<\/div>\n\t\t\t\t<\/div>\n\t\t\t\t<div class=\"elementor-element elementor-element-d66751f elementor-widget elementor-widget-text-editor\" data-id=\"d66751f\" data-element_type=\"widget\" data-e-type=\"widget\" data-widget_type=\"text-editor.default\">\n\t\t\t\t<div class=\"elementor-widget-container\">\n\t\t\t\t\t\t\t\t\tNous remercions sinc\u00e8rement la LOTTO-Stiftung Berlin pour son g\u00e9n\u00e9reux soutien \u00e0 la phase actuelle du projet, qui s'\u00e9tend du 1er avril au 31 d\u00e9cembre 2026. Gr\u00e2ce \u00e0 son engagement, nous pouvons continuer \u00e0 apporter une aide indispensable \u00e0 ceux qui en ont le plus besoin.\t\t\t\t\t\t\t\t<\/div>\n\t\t\t\t<\/div>\n\t\t<div class=\"elementor-element elementor-element-d3cb268 e-con-full e-flex e-con e-child\" data-id=\"d3cb268\" data-element_type=\"container\" data-e-type=\"container\">\n\t\t\t\t<div class=\"elementor-element elementor-element-680054c elementor-widget elementor-widget-image\" data-id=\"680054c\" data-element_type=\"widget\" data-e-type=\"widget\" data-widget_type=\"image.default\">\n\t\t\t\t<div class=\"elementor-widget-container\">\n\t\t\t\t\t\t\t\t\t\t\t\t\t\t\t<img decoding=\"async\" width=\"548\" height=\"241\" src=\"https:\/\/gaidi.de\/wp-content\/uploads\/2026\/04\/LOTTO-Stiftung-Berlin.webp\" class=\"attachment-full size-full wp-image-987\" alt=\"LOTTO-Stiftung Berlin\" \/>\t\t\t\t\t\t\t\t\t\t\t\t\t\t\t<\/div>\n\t\t\t\t<\/div>\n\t\t\t\t<\/div>\n\t\t\t\t<\/div>\n\t\t\t\t<\/div>\n\t\t<div class=\"elementor-element elementor-element-bcb326f e-con-full e-flex e-con e-child\" data-id=\"bcb326f\" data-element_type=\"container\" data-e-type=\"container\">\n\t\t<div class=\"elementor-element elementor-element-eb1431b e-con-full e-flex e-con e-child\" data-id=\"eb1431b\" data-element_type=\"container\" data-e-type=\"container\" data-settings=\"{&quot;background_background&quot;:&quot;classic&quot;}\">\n\t\t\t\t<div class=\"elementor-element elementor-element-f840483 elementor-widget elementor-widget-heading\" data-id=\"f840483\" data-element_type=\"widget\" data-e-type=\"widget\" data-widget_type=\"heading.default\">\n\t\t\t\t<div class=\"elementor-widget-container\">\n\t\t\t\t\t<h2 class=\"elementor-heading-title elementor-size-default\">Nous contacter<\/h2>\t\t\t\t<\/div>\n\t\t\t\t<\/div>\n\t\t\t\t<div class=\"elementor-element elementor-element-d127ac1 elementor-widget elementor-widget-text-editor\" data-id=\"d127ac1\" data-element_type=\"widget\" data-e-type=\"widget\" data-widget_type=\"text-editor.default\">\n\t\t\t\t<div class=\"elementor-widget-container\">\n\t\t\t\t\t\t\t\t\t<p>Vous avez besoin d'aide ou souhaitez en savoir plus sur YANA Berlin ?<br \/>Nous sommes l\u00e0 pour vous.<\/p>\t\t\t\t\t\t\t\t<\/div>\n\t\t\t\t<\/div>\n\t\t\t\t<div class=\"elementor-element elementor-element-f1fbae8 elementor-widget elementor-widget-image-box\" data-id=\"f1fbae8\" data-element_type=\"widget\" data-e-type=\"widget\" data-widget_type=\"image-box.default\">\n\t\t\t\t<div class=\"elementor-widget-container\">\n\t\t\t\t\t<div class=\"elementor-image-box-wrapper\"><div class=\"elementor-image-box-content\"><div class=\"elementor-image-box-title\">Tel.\/WhatsApp<\/div><p class=\"elementor-image-box-description\">+49 176 84980470<\/p><\/div><\/div>\t\t\t\t<\/div>\n\t\t\t\t<\/div>\n\t\t\t\t<div class=\"elementor-element elementor-element-bfb1f46 elementor-widget elementor-widget-image-box\" data-id=\"bfb1f46\" data-element_type=\"widget\" data-e-type=\"widget\" data-widget_type=\"image-box.default\">\n\t\t\t\t<div class=\"elementor-widget-container\">\n\t\t\t\t\t<div class=\"elementor-image-box-wrapper\"><div class=\"elementor-image-box-content\"><div class=\"elementor-image-box-title\"><a href=\"mailto:info@gaidi.de\">Email<\/a><\/div><p class=\"elementor-image-box-description\">info@gaidi.de<\/p><\/div><\/div>\t\t\t\t<\/div>\n\t\t\t\t<\/div>\n\t\t\t\t<div class=\"elementor-element elementor-element-d57b648 elementor-widget elementor-widget-image-box\" data-id=\"d57b648\" data-element_type=\"widget\" data-e-type=\"widget\" data-widget_type=\"image-box.default\">\n\t\t\t\t<div class=\"elementor-widget-container\">\n\t\t\t\t\t<div class=\"elementor-image-box-wrapper\"><div class=\"elementor-image-box-content\"><div class=\"elementor-image-box-title\"><a href=\"mailto:info@gaidi.de\">Website<\/a><\/div><p class=\"elementor-image-box-description\"><a href=\"https:\/\/gaidi.de\/fr\/\">www.gaidi.de<\/a><\/p><\/div><\/div>\t\t\t\t<\/div>\n\t\t\t\t<\/div>\n\t\t\t\t<div class=\"elementor-element elementor-element-5b81cbf elementor-widget elementor-widget-text-editor\" data-id=\"5b81cbf\" data-element_type=\"widget\" data-e-type=\"widget\" data-widget_type=\"text-editor.default\">\n\t\t\t\t<div class=\"elementor-widget-container\">\n\t\t\t\t\t\t\t\t\tNous accueillons volontiers les demandes de renseignements \u00e9manant de particuliers, de membres de la communaut\u00e9 et de partenaires potentiels qui partagent notre engagement en faveur de l'int\u00e9gration et de l'autonomisation.\t\t\t\t\t\t\t\t<\/div>\n\t\t\t\t<\/div>\n\t\t\t\t<\/div>\n\t\t\t\t<\/div>\n\t\t\t\t\t<\/div>\n\t\t\t\t<\/div>\n\t\t\t\t<section class=\"elementor-section elementor-top-section elementor-element elementor-element-578bb35 elementor-section-boxed elementor-section-height-default elementor-section-height-default\" data-id=\"578bb35\" data-element_type=\"section\" data-e-type=\"section\">\n\t\t\t\t\t\t<div class=\"elementor-container elementor-column-gap-default\">\n\t\t\t\t\t<div class=\"elementor-column elementor-col-100 elementor-top-column elementor-element elementor-element-262b2c2 column-style-top column-top\" data-id=\"262b2c2\" data-element_type=\"column\" data-e-type=\"column\">\n\t\t\t<div class=\"elementor-widget-wrap elementor-element-populated\">\n\t\t\t\t\t\t<div class=\"elementor-element elementor-element-217f92f elementor-widget elementor-widget-gva-heading-block\" data-id=\"217f92f\" data-element_type=\"widget\" data-e-type=\"widget\" data-widget_type=\"gva-heading-block.default\">\n\t\t\t\t<div class=\"elementor-widget-container\">\n\t\t\t\t\t<div class=\"gva-element-gva-heading-block gva-element\">   <div class=\"align-center style-1 widget gsc-heading\">\r\n      <div class=\"content-inner\">\r\n                     <div class=\"heading-icon\"><img decoding=\"async\" src=\"\/wp-content\/plugins\/gavias-oxpitan-themer\/elementor\/assets\/images\/icon-heading.png\" alt=\"Articles de blog r\u00e9cents\"\/><\/div>\r\n           \r\n                     <h2 class=\"title\">\r\n               <span>Articles de blog r\u00e9cents<\/span>\r\n            <\/h2>\r\n                              <div class=\"sub-title\"><span>Nouvelles et mises \u00e0 jour<\/span><\/div>\r\n                  \r\n               <\/div>\r\n   <\/div>\r\n   <div class=\"clearfix\"><\/div>\r\n<\/div>\t\t\t\t<\/div>\n\t\t\t\t<\/div>\n\t\t\t\t<div class=\"elementor-element elementor-element-227d450 elementor-widget elementor-widget-gva-posts\" data-id=\"227d450\" data-element_type=\"widget\" data-e-type=\"widget\" data-widget_type=\"gva-posts.default\">\n\t\t\t\t<div class=\"elementor-widget-container\">\n\t\t\t\t\t<div class=\"gva-element-gva-posts gva-element\">  \r\n  <div class=\"gva-posts-grid clearfix gva-posts\">\r\n      <div class=\"gva-content-items\"> \r\n        <div class=\"lg-block-grid-3 md-block-grid-3 sm-block-grid-2 xs-block-grid-1\">\r\n          \r\n<div class=\"item-columns all nachrichten\">\r\n   <article id=\"post-937\" class=\"post post-937 type-post status-publish format-standard has-post-thumbnail hentry category-nachrichten\">\r\n      <div class=\"post-thumbnail\">\r\n         <img loading=\"lazy\" decoding=\"async\" width=\"660\" height=\"330\" src=\"https:\/\/gaidi.de\/wp-content\/uploads\/2026\/02\/Language-course-660x330-1.jpg\" class=\"attachment-oxpitan_medium size-oxpitan_medium wp-post-image\" alt=\"Germany: Government Suspends New Admissions to Integration Courses\" \/>      <\/div>   \r\n\r\n      <div class=\"entry-content\">\r\n         <div class=\"content-inner\">\r\n            \r\n            <h2 class=\"entry-title\"><a href=\"https:\/\/www.theafricancourier.de\/germany-government-suspends-new-admissions-to-integration-courses\/\" rel=\"bookmark\">Germany: Government Suspends New Admissions to Integration Courses<\/a><\/h2>\r\n            \r\n            <div class=\"entry-meta\">\r\n                                <span class=\"cat-links\"><a href=\"https:\/\/gaidi.de\/fr\/category\/nachrichten\/\" rel=\"category tag\">Actualit\u00e9s<\/a><\/span>\r\n                  <span class=\"line\"><\/span>\r\n                              <span class=\"entry-date\"><a href=\"https:\/\/www.theafricancourier.de\/germany-government-suspends-new-admissions-to-integration-courses\/\" rel=\"bookmark\"><time class=\"entry-date\" datetime=\"2026-02-08T06:50:00+00:00\">f\u00e9vrier 8, 2026<\/time><\/a><\/span>            <\/div> \r\n\r\n            <div class=\"entry-description\">\r\n               New admissions to federally funded Integrationskurse (integration courses) have been suspended, leaving many refugees and migrants unable to begin essential German language and cultural orientation classes. The freeze, implemented quietly            <\/div>\r\n         <\/div>\r\n\r\n         <div class=\"read-more hidden\"><a class=\"btn-theme\" href=\"https:\/\/www.theafricancourier.de\/germany-government-suspends-new-admissions-to-integration-courses\/\">Read more<\/a><\/div>\r\n         \r\n      <\/div>\r\n   <\/article>   \r\n<\/div>\r\n\r\n  \r\n<div class=\"item-columns all nachrichten\">\r\n   <article id=\"post-943\" class=\"post post-943 type-post status-publish format-standard has-post-thumbnail hentry category-nachrichten\">\r\n      <div class=\"post-thumbnail\">\r\n         <img loading=\"lazy\" decoding=\"async\" width=\"660\" height=\"330\" src=\"https:\/\/gaidi.de\/wp-content\/uploads\/2026\/02\/House-in-Berlin-660x330-1.jpg\" class=\"attachment-oxpitan_medium size-oxpitan_medium wp-post-image\" alt=\"Housing Discrimination Unlawful, Germany\u2019s Top Court Rules\" \/>      <\/div>   \r\n\r\n      <div class=\"entry-content\">\r\n         <div class=\"content-inner\">\r\n            \r\n            <h2 class=\"entry-title\"><a href=\"https:\/\/www.theafricancourier.de\/germanys-top-court-bans-name-based-discrimination-in-housing\/\" rel=\"bookmark\">Housing Discrimination Unlawful, Germany\u2019s Top Court Rules<\/a><\/h2>\r\n            \r\n            <div class=\"entry-meta\">\r\n                                <span class=\"cat-links\"><a href=\"https:\/\/gaidi.de\/fr\/category\/nachrichten\/\" rel=\"category tag\">Actualit\u00e9s<\/a><\/span>\r\n                  <span class=\"line\"><\/span>\r\n                              <span class=\"entry-date\"><a href=\"https:\/\/www.theafricancourier.de\/germanys-top-court-bans-name-based-discrimination-in-housing\/\" rel=\"bookmark\"><time class=\"entry-date\" datetime=\"2026-02-02T06:53:00+00:00\">f\u00e9vrier 2, 2026<\/time><\/a><\/span>            <\/div> \r\n\r\n            <div class=\"entry-description\">\r\n               In a landmark judgment that strengthens protection against discrimination in Germany\u2019s housing market, the Federal Court of Justice (BGH) has ruled that real estate agents may not reject housing applicants            <\/div>\r\n         <\/div>\r\n\r\n         <div class=\"read-more hidden\"><a class=\"btn-theme\" href=\"https:\/\/www.theafricancourier.de\/germanys-top-court-bans-name-based-discrimination-in-housing\/\">Read more<\/a><\/div>\r\n         \r\n      <\/div>\r\n   <\/article>   \r\n<\/div>\r\n\r\n  \r\n<div class=\"item-columns all nachrichten\">\r\n   <article id=\"post-934\" class=\"post post-934 type-post status-publish format-standard has-post-thumbnail hentry category-nachrichten\">\r\n      <div class=\"post-thumbnail\">\r\n         <img loading=\"lazy\" decoding=\"async\" width=\"660\" height=\"330\" src=\"https:\/\/gaidi.de\/wp-content\/uploads\/2026\/02\/Spain-to-Regularise-500000-Undocumented-Migrants.jpg\" class=\"attachment-oxpitan_medium size-oxpitan_medium wp-post-image\" alt=\"Spain to Regularise 500,000 Undocumented Migrants\" \/>      <\/div>   \r\n\r\n      <div class=\"entry-content\">\r\n         <div class=\"content-inner\">\r\n            \r\n            <h2 class=\"entry-title\"><a href=\"https:\/\/www.theafricancourier.de\/spain-to-regularise-500000-undocumented-migrants\/\" rel=\"bookmark\">Spain to Regularise 500,000 Undocumented Migrants<\/a><\/h2>\r\n            \r\n            <div class=\"entry-meta\">\r\n                                <span class=\"cat-links\"><a href=\"https:\/\/gaidi.de\/fr\/category\/nachrichten\/\" rel=\"category tag\">Actualit\u00e9s<\/a><\/span>\r\n                  <span class=\"line\"><\/span>\r\n                              <span class=\"entry-date\"><a href=\"https:\/\/www.theafricancourier.de\/spain-to-regularise-500000-undocumented-migrants\/\" rel=\"bookmark\"><time class=\"entry-date\" datetime=\"2026-02-02T06:43:00+00:00\">f\u00e9vrier 2, 2026<\/time><\/a><\/span>            <\/div> \r\n\r\n            <div class=\"entry-description\">\r\n               Spain has taken a bold step toward legalising the status of hundreds of thousands of undocumented migrants, marking a sharp contrast to increasingly restrictive migration policies elsewhere in Europe. Announced            <\/div>\r\n         <\/div>\r\n\r\n         <div class=\"read-more hidden\"><a class=\"btn-theme\" href=\"https:\/\/www.theafricancourier.de\/spain-to-regularise-500000-undocumented-migrants\/\">Read more<\/a><\/div>\r\n         \r\n      <\/div>\r\n   <\/article>   \r\n<\/div>\r\n\r\n  \r\n<div class=\"item-columns all nachrichten\">\r\n   <article id=\"post-940\" class=\"post post-940 type-post status-publish format-standard has-post-thumbnail hentry category-nachrichten\">\r\n      <div class=\"post-thumbnail\">\r\n         <img loading=\"lazy\" decoding=\"async\" width=\"660\" height=\"330\" src=\"https:\/\/gaidi.de\/wp-content\/uploads\/2026\/02\/CyprusPM-660x330-1.jpg\" class=\"attachment-oxpitan_medium size-oxpitan_medium wp-post-image\" alt=\"Cyprus signals tougher line on migration as it takes EU helm\" \/>      <\/div>   \r\n\r\n      <div class=\"entry-content\">\r\n         <div class=\"content-inner\">\r\n            \r\n            <h2 class=\"entry-title\"><a href=\"https:\/\/www.theafricancourier.de\/cyprus-signals-tougher-line-on-migration-as-it-takes-eu-helm\/\" rel=\"bookmark\">Cyprus signals tougher line on migration as it takes EU helm<\/a><\/h2>\r\n            \r\n            <div class=\"entry-meta\">\r\n                                <span class=\"cat-links\"><a href=\"https:\/\/gaidi.de\/fr\/category\/nachrichten\/\" rel=\"category tag\">Actualit\u00e9s<\/a><\/span>\r\n                  <span class=\"line\"><\/span>\r\n                              <span class=\"entry-date\"><a href=\"https:\/\/www.theafricancourier.de\/cyprus-signals-tougher-line-on-migration-as-it-takes-eu-helm\/\" rel=\"bookmark\"><time class=\"entry-date\" datetime=\"2026-01-25T06:52:00+00:00\">janvier 25, 2026<\/time><\/a><\/span>            <\/div> \r\n\r\n            <div class=\"entry-description\">\r\n               As Cyprus assumes its six-month presidency of the European Union (1 January \u2013 30 June 2026), the Mediterranean island is moving quickly to underline its priorities \u2014 with migration control            <\/div>\r\n         <\/div>\r\n\r\n         <div class=\"read-more hidden\"><a class=\"btn-theme\" href=\"https:\/\/www.theafricancourier.de\/cyprus-signals-tougher-line-on-migration-as-it-takes-eu-helm\/\">Read more<\/a><\/div>\r\n         \r\n      <\/div>\r\n   <\/article>   \r\n<\/div>\r\n\r\n  \r\n<div class=\"item-columns all nachrichten\">\r\n   <article id=\"post-904\" class=\"post post-904 type-post status-publish format-standard has-post-thumbnail hentry category-nachrichten\">\r\n      <div class=\"post-thumbnail\">\r\n         <img loading=\"lazy\" decoding=\"async\" width=\"660\" height=\"330\" src=\"https:\/\/gaidi.de\/wp-content\/uploads\/2026\/01\/The-Gambia-Young-Lives-Continue-to-Be-Lost-on-Perilous-Journeys-to-Europe.jpg\" class=\"attachment-oxpitan_medium size-oxpitan_medium wp-post-image\" alt=\"The Gambia: Young Lives Continue to Be Lost on Perilous Journeys to Europe\" \/>      <\/div>   \r\n\r\n      <div class=\"entry-content\">\r\n         <div class=\"content-inner\">\r\n            \r\n            <h2 class=\"entry-title\"><a href=\"https:\/\/www.theafricancourier.de\/the-gambias-tragic-crossing-young-lives-lost-in-the-perilous-journey-to-europe\/\" rel=\"bookmark\">The Gambia: Young Lives Continue to Be Lost on Perilous Journeys to Europe<\/a><\/h2>\r\n            \r\n            <div class=\"entry-meta\">\r\n                                <span class=\"cat-links\"><a href=\"https:\/\/gaidi.de\/fr\/category\/nachrichten\/\" rel=\"category tag\">Actualit\u00e9s<\/a><\/span>\r\n                  <span class=\"line\"><\/span>\r\n                              <span class=\"entry-date\"><a href=\"https:\/\/www.theafricancourier.de\/the-gambias-tragic-crossing-young-lives-lost-in-the-perilous-journey-to-europe\/\" rel=\"bookmark\"><time class=\"entry-date\" datetime=\"2026-01-07T17:03:43+00:00\">janvier 7, 2026<\/time><\/a><\/span>            <\/div> \r\n\r\n            <div class=\"entry-description\">\r\n               Would-be irregular migrants arrested by Gambian police during a raid in the North Bank Region in the early hours of 6 January 2026, days after the deadly boat tragedy, before            <\/div>\r\n         <\/div>\r\n\r\n         <div class=\"read-more hidden\"><a class=\"btn-theme\" href=\"https:\/\/www.theafricancourier.de\/the-gambias-tragic-crossing-young-lives-lost-in-the-perilous-journey-to-europe\/\">Read more<\/a><\/div>\r\n         \r\n      <\/div>\r\n   <\/article>   \r\n<\/div>\r\n\r\n  \r\n<div class=\"item-columns all nachrichten\">\r\n   <article id=\"post-907\" class=\"post post-907 type-post status-publish format-standard has-post-thumbnail hentry category-nachrichten\">\r\n      <div class=\"post-thumbnail\">\r\n         <img loading=\"lazy\" decoding=\"async\" width=\"660\" height=\"330\" src=\"https:\/\/gaidi.de\/wp-content\/uploads\/2026\/01\/Online-Portal-to-Upskill-Youth-Innovation-and-Enterprise-in-Sub-Saharan-Africa-Launches.jpg\" class=\"attachment-oxpitan_medium size-oxpitan_medium wp-post-image\" alt=\"Online Portal to Upskill Youth Innovation and Enterprise in Sub-Saharan Africa Launches\" \/>      <\/div>   \r\n\r\n      <div class=\"entry-content\">\r\n         <div class=\"content-inner\">\r\n            \r\n            <h2 class=\"entry-title\"><a href=\"https:\/\/www.theafricancourier.de\/online-portal-to-upskill-youth-innovation-and-enterprise-in-sub-saharan-africa-launches\/\" rel=\"bookmark\">Online Portal to Upskill Youth Innovation and Enterprise in Sub-Saharan Africa Launches<\/a><\/h2>\r\n            \r\n            <div class=\"entry-meta\">\r\n                                <span class=\"cat-links\"><a href=\"https:\/\/gaidi.de\/fr\/category\/nachrichten\/\" rel=\"category tag\">Actualit\u00e9s<\/a><\/span>\r\n                  <span class=\"line\"><\/span>\r\n                              <span class=\"entry-date\"><a href=\"https:\/\/www.theafricancourier.de\/online-portal-to-upskill-youth-innovation-and-enterprise-in-sub-saharan-africa-launches\/\" rel=\"bookmark\"><time class=\"entry-date\" datetime=\"2025-12-19T17:08:00+00:00\">d\u00e9cembre 19, 2025<\/time><\/a><\/span>            <\/div> \r\n\r\n            <div class=\"entry-description\">\r\n               Central to the GSMESKILL project is the newly launched online learning portal designed to equip young people, educators, and entrepreneurs with practical skills for building resilient, green enterprises\/Photo: Nyima Jadama            <\/div>\r\n         <\/div>\r\n\r\n         <div class=\"read-more hidden\"><a class=\"btn-theme\" href=\"https:\/\/www.theafricancourier.de\/online-portal-to-upskill-youth-innovation-and-enterprise-in-sub-saharan-africa-launches\/\">Read more<\/a><\/div>\r\n         \r\n      <\/div>\r\n   <\/article>   \r\n<\/div>\r\n\r\n          <\/div>\r\n      <\/div>\r\n        <\/div>\r\n  <\/div>\t\t\t\t<\/div>\n\t\t\t\t<\/div>\n\t\t\t\t\t<\/div>\n\t\t<\/div>\n\t\t\t\t\t<\/div>\n\t\t<\/section>\n\t\t\t\t<\/div>","protected":false},"excerpt":{"rendered":"<p>YANA Berlin ist ein Unterst\u00fctzungsprojekt der GAIDI gUG, das sich f\u00fcr afrikanische Asylsuchende und andere Migranten in Berlin einsetzt, die noch auf einen sicheren Aufenthaltsstatus hinarbeiten. Das Projekt hilft ihnen, den oft entmutigenden Prozess des Aufbaus eines neuen Lebens in einem fremden Land zu bew\u00e4ltigen. Was wir anbieten Unsere Dienstleistungen sollen Neuank\u00f6mmlinge auf ihrem Weg [&hellip;]<\/p>","protected":false},"author":1,"featured_media":0,"parent":0,"menu_order":0,"comment_status":"closed","ping_status":"closed","template":"","meta":{"footnotes":"","_links_to":"","_links_to_target":""},"class_list":["post-693","page","type-page","status-publish","hentry"],"_links":{"self":[{"href":"https:\/\/gaidi.de\/fr\/wp-json\/wp\/v2\/pages\/693","targetHints":{"allow":["GET"]}}],"collection":[{"href":"https:\/\/gaidi.de\/fr\/wp-json\/wp\/v2\/pages"}],"about":[{"href":"https:\/\/gaidi.de\/fr\/wp-json\/wp\/v2\/types\/page"}],"author":[{"embeddable":true,"href":"https:\/\/gaidi.de\/fr\/wp-json\/wp\/v2\/users\/1"}],"replies":[{"embeddable":true,"href":"https:\/\/gaidi.de\/fr\/wp-json\/wp\/v2\/comments?post=693"}],"version-history":[{"count":94,"href":"https:\/\/gaidi.de\/fr\/wp-json\/wp\/v2\/pages\/693\/revisions"}],"predecessor-version":[{"id":1003,"href":"https:\/\/gaidi.de\/fr\/wp-json\/wp\/v2\/pages\/693\/revisions\/1003"}],"wp:attachment":[{"href":"https:\/\/gaidi.de\/fr\/wp-json\/wp\/v2\/media?parent=693"}],"curies":[{"name":"wp","href":"https:\/\/api.w.org\/{rel}","templated":true}]}}