{"id":628,"date":"2024-10-29T07:42:16","date_gmt":"2024-10-29T07:42:16","guid":{"rendered":"https:\/\/gaidi.de\/?page_id=628"},"modified":"2024-10-29T07:55:01","modified_gmt":"2024-10-29T07:55:01","slug":"unterstuetzung-fuer-afrikanische-neuankoemmlinge","status":"publish","type":"page","link":"https:\/\/gaidi.de\/fr\/unterstuetzung-fuer-afrikanische-neuankoemmlinge\/","title":{"rendered":"Soutenir les nouveaux arrivants africains"},"content":{"rendered":"<div data-elementor-type=\"wp-page\" data-elementor-id=\"628\" class=\"elementor elementor-628\" data-elementor-post-type=\"page\">\n\t\t\t\t<div class=\"elementor-element elementor-element-3eff13e4 e-flex e-con-boxed e-con e-parent\" data-id=\"3eff13e4\" data-element_type=\"container\" data-e-type=\"container\">\n\t\t\t\t\t<div class=\"e-con-inner\">\n\t\t\t\t<div class=\"elementor-element elementor-element-6d619ba6 elementor-widget elementor-widget-text-editor\" data-id=\"6d619ba6\" data-element_type=\"widget\" data-e-type=\"widget\" data-widget_type=\"text-editor.default\">\n\t\t\t\t<div class=\"elementor-widget-container\">\n\t\t\t\t\t\t\t\t\t\n<p>L'Initiative germano-africaine pour le d\u00e9veloppement et l'int\u00e9gration (GAIDI) gUG est une organisation sociale \u00e0 but non lucratif qui se consacre au soutien des nouveaux arrivants d'Afrique - qu'il s'agisse de r\u00e9fugi\u00e9s, de demandeurs d'asile, d'\u00e9tudiants ou d'autres migrants - lorsqu'ils s'\u00e9tablissent en Allemagne. Depuis notre cr\u00e9ation en janvier 2023, nous nous sommes engag\u00e9s \u00e0 cr\u00e9er des voies pour une int\u00e9gration r\u00e9ussie, \u00e0 encourager la communaut\u00e9 et \u00e0 plaider en faveur de l'autonomisation des migrants.<\/p>\n\n\n\n<p class=\"translation-block\">Notre fondateur, Femi Awoniyi, journaliste chevronn\u00e9, a consacr\u00e9 sa carri\u00e8re \u00e0 des reportages sur la migration, l'int\u00e9gration et la vie de la diaspora africaine en Allemagne et en Europe. En tant qu'\u00e9diteur de The African Courier, Femi a acquis une connaissance approfondie des d\u00e9fis communs auxquels sont confront\u00e9s les Africains en Allemagne et a utilis\u00e9 sa plateforme pour amplifier leurs voix.<\/p>\n\n\n\n<p>Membre actif de la communaut\u00e9 africaine, Femi a d\u00e9j\u00e0 \u00e9t\u00e9 pr\u00e9sident de l'Organisation des Nig\u00e9rians de la diaspora en Allemagne (2021-2023). Il s'est toujours port\u00e9 volontaire pour des initiatives de soutien \u00e0 l'int\u00e9gration, et a r\u00e9cemment cofond\u00e9 l'initiative \u00ab Help for Africans from Ukraine in Germany \u00bb (HAUG) pour aider les Africains fuyant le conflit en Ukraine. Au sein de GAIDI, il met \u00e0 profit sa riche exp\u00e9rience et son r\u00e9seau pour mettre en place des programmes durables qui renforcent l'autonomie des migrants.<\/p>\n\t\t\t\t\t\t\t\t<\/div>\n\t\t\t\t<\/div>\n\t\t\t\t\t<\/div>\n\t\t\t\t<\/div>\n\t\t<div class=\"elementor-element elementor-element-9ee2191 e-flex e-con-boxed e-con e-parent\" data-id=\"9ee2191\" data-element_type=\"container\" data-e-type=\"container\">\n\t\t\t\t\t<div class=\"e-con-inner\">\n\t\t<div class=\"elementor-element elementor-element-91930ed e-con-full e-flex e-con e-child\" data-id=\"91930ed\" data-element_type=\"container\" data-e-type=\"container\">\n\t\t\t\t<div class=\"elementor-element elementor-element-c023f9c elementor-widget elementor-widget-heading\" data-id=\"c023f9c\" data-element_type=\"widget\" data-e-type=\"widget\" data-widget_type=\"heading.default\">\n\t\t\t\t<div class=\"elementor-widget-container\">\n\t\t\t\t\t<h2 class=\"elementor-heading-title elementor-size-default\">Notre mission<\/h2>\t\t\t\t<\/div>\n\t\t\t\t<\/div>\n\t\t\t\t<div class=\"elementor-element elementor-element-105353c elementor-widget elementor-widget-text-editor\" data-id=\"105353c\" data-element_type=\"widget\" data-e-type=\"widget\" data-widget_type=\"text-editor.default\">\n\t\t\t\t<div class=\"elementor-widget-container\">\n\t\t\t\t\t\t\t\t\t<p>GAIDI estime que l'int\u00e9gration est une v\u00e9ritable \u00e9mancipation. En donnant aux nouveaux arrivants les moyens d'atteindre leur plein potentiel, nous favorisons un environnement dynamique o\u00f9 les migrants peuvent s'\u00e9panouir et contribuer activement au d\u00e9veloppement de leurs communaut\u00e9s d'accueil. Nos programmes contribuent \u00e0 combler les lacunes, \u00e0 att\u00e9nuer les difficult\u00e9s et \u00e0 favoriser une culture de soutien mutuel au sein de la communaut\u00e9 africaine.<\/p>\t\t\t\t\t\t\t\t<\/div>\n\t\t\t\t<\/div>\n\t\t\t\t<\/div>\n\t\t<div class=\"elementor-element elementor-element-7f40c0e e-con-full e-flex e-con e-child\" data-id=\"7f40c0e\" data-element_type=\"container\" data-e-type=\"container\">\n\t\t\t\t<div class=\"elementor-element elementor-element-8bb3072 elementor-widget elementor-widget-heading\" data-id=\"8bb3072\" data-element_type=\"widget\" data-e-type=\"widget\" data-widget_type=\"heading.default\">\n\t\t\t\t<div class=\"elementor-widget-container\">\n\t\t\t\t\t<h2 class=\"elementor-heading-title elementor-size-default\">Nos domaines d'intervention <\/h2>\t\t\t\t<\/div>\n\t\t\t\t<\/div>\n\t\t\t\t<div class=\"elementor-element elementor-element-f6cb438 elementor-widget elementor-widget-text-editor\" data-id=\"f6cb438\" data-element_type=\"widget\" data-e-type=\"widget\" data-widget_type=\"text-editor.default\">\n\t\t\t\t<div class=\"elementor-widget-container\">\n\t\t\t\t\t\t\t\t\t<p class=\"translation-block\">- <strong>Aide \u00e0 l'int\u00e9gration<\/strong> : Nous offrons des conseils et des ressources qui aident les nouveaux arrivants \u00e0 s'orienter dans la vie en Allemagne, en leur donnant les moyens de se construire un avenir prosp\u00e8re.<\/p>\n<p class=\"translation-block\">- <strong>Promouvoir le volontariat<\/strong> : Nous encourageons l'entraide et le service communautaire au sein de la diaspora africaine, ainsi que le r\u00f4le proactif de la diaspora dans le d\u00e9veloppement de l'Afrique.<\/p>\n<p class=\"translation-block\">- <strong>Renforcer les relations germano-africaines<\/strong> : nous visons \u00e0 \u00e9tablir des liens plus forts et mutuellement b\u00e9n\u00e9fiques entre l'Allemagne et les nations africaines.<\/p>\t\t\t\t\t\t\t\t<\/div>\n\t\t\t\t<\/div>\n\t\t\t\t<\/div>\n\t\t\t\t\t<\/div>\n\t\t\t\t<\/div>\n\t\t<div class=\"elementor-element elementor-element-f511d55 e-flex e-con-boxed e-con e-parent\" data-id=\"f511d55\" data-element_type=\"container\" data-e-type=\"container\">\n\t\t\t\t\t<div class=\"e-con-inner\">\n\t\t\t\t<div class=\"elementor-element elementor-element-829b3c1 elementor-widget elementor-widget-heading\" data-id=\"829b3c1\" data-element_type=\"widget\" data-e-type=\"widget\" data-widget_type=\"heading.default\">\n\t\t\t\t<div class=\"elementor-widget-container\">\n\t\t\t\t\t<h2 class=\"elementor-heading-title elementor-size-default\">Comment soutenir le travail de GAIDI<\/h2>\t\t\t\t<\/div>\n\t\t\t\t<\/div>\n\t\t\t\t<div class=\"elementor-element elementor-element-731cb11 elementor-widget elementor-widget-text-editor\" data-id=\"731cb11\" data-element_type=\"widget\" data-e-type=\"widget\" data-widget_type=\"text-editor.default\">\n\t\t\t\t<div class=\"elementor-widget-container\">\n\t\t\t\t\t\t\t\t\t<p>Gr\u00e2ce \u00e0 votre soutien, nous pouvons continuer \u00e0 soutenir et \u00e0 d\u00e9velopper ces services vitaux. Chaque don nous aide \u00e0 fournir des ressources, \u00e0 organiser des \u00e9v\u00e9nements et \u00e0 d\u00e9velopper des programmes d'int\u00e9gration innovants qui font une diff\u00e9rence significative dans la vie des gens.<\/p>\t\t\t\t\t\t\t\t<\/div>\n\t\t\t\t<\/div>\n\t\t\t\t<div class=\"elementor-element elementor-element-21f987b elementor-widget elementor-widget-heading\" data-id=\"21f987b\" data-element_type=\"widget\" data-e-type=\"widget\" data-widget_type=\"heading.default\">\n\t\t\t\t<div class=\"elementor-widget-container\">\n\t\t\t\t\t<h4 class=\"elementor-heading-title elementor-size-default\">Faites un don aujourd'hui !<\/h4>\t\t\t\t<\/div>\n\t\t\t\t<\/div>\n\t\t\t\t<div class=\"elementor-element elementor-element-726f6c6 elementor-widget elementor-widget-text-editor\" data-id=\"726f6c6\" data-element_type=\"widget\" data-e-type=\"widget\" data-widget_type=\"text-editor.default\">\n\t\t\t\t<div class=\"elementor-widget-container\">\n\t\t\t\t\t\t\t\t\t<p><strong>GAIDI gUG<\/strong><br \/>IBAN: DE59 1005 0000 0190 9027 52 <br \/>BIC: BELADEBEXXX <br \/>Berliner Sparkasse\u00a0<\/p>\t\t\t\t\t\t\t\t<\/div>\n\t\t\t\t<\/div>\n\t\t\t\t<div class=\"elementor-element elementor-element-8c3f21f elementor-widget elementor-widget-text-editor\" data-id=\"8c3f21f\" data-element_type=\"widget\" data-e-type=\"widget\" data-widget_type=\"text-editor.default\">\n\t\t\t\t<div class=\"elementor-widget-container\">\n\t\t\t\t\t\t\t\t\t<p>Si vous souhaitez recevoir un re\u00e7u fiscal, veuillez indiquer votre adresse dans la r\u00e9f\u00e9rence du paiement. En tant qu'organisation \u00e0 but non lucratif, GAIDI gUG a le droit de d\u00e9livrer des re\u00e7us de dons qui peuvent \u00eatre utilis\u00e9s pour des d\u00e9ductions fiscales.<\/p>\n<p>Merci de vous associer \u00e0 nous pour avoir un impact durable !<\/p>\t\t\t\t\t\t\t\t<\/div>\n\t\t\t\t<\/div>\n\t\t\t\t\t<\/div>\n\t\t\t\t<\/div>\n\t\t\t\t<\/div>","protected":false},"excerpt":{"rendered":"<p>Die Deutsch-Afrikanische Initiative f\u00fcr Entwicklung und Integration (GAIDI) gUG ist eine gemeinn\u00fctzige soziale Organisation, die es sich zur Aufgabe gemacht hat, Neuank\u00f6mmlinge aus Afrika &#8211; seien es Fl\u00fcchtlinge, Asylsuchende, Studierende oder andere Migranten &#8211; bei ihrer Etablierung in Deutschland zu unterst\u00fctzen. Seit unserer Gr\u00fcndung im Januar 2023 setzen wir uns daf\u00fcr ein, Wege f\u00fcr eine [&hellip;]<\/p>","protected":false},"author":1,"featured_media":0,"parent":0,"menu_order":0,"comment_status":"closed","ping_status":"closed","template":"","meta":{"footnotes":"","_links_to":"","_links_to_target":""},"class_list":["post-628","page","type-page","status-publish","hentry"],"_links":{"self":[{"href":"https:\/\/gaidi.de\/fr\/wp-json\/wp\/v2\/pages\/628","targetHints":{"allow":["GET"]}}],"collection":[{"href":"https:\/\/gaidi.de\/fr\/wp-json\/wp\/v2\/pages"}],"about":[{"href":"https:\/\/gaidi.de\/fr\/wp-json\/wp\/v2\/types\/page"}],"author":[{"embeddable":true,"href":"https:\/\/gaidi.de\/fr\/wp-json\/wp\/v2\/users\/1"}],"replies":[{"embeddable":true,"href":"https:\/\/gaidi.de\/fr\/wp-json\/wp\/v2\/comments?post=628"}],"version-history":[{"count":4,"href":"https:\/\/gaidi.de\/fr\/wp-json\/wp\/v2\/pages\/628\/revisions"}],"predecessor-version":[{"id":632,"href":"https:\/\/gaidi.de\/fr\/wp-json\/wp\/v2\/pages\/628\/revisions\/632"}],"wp:attachment":[{"href":"https:\/\/gaidi.de\/fr\/wp-json\/wp\/v2\/media?parent=628"}],"curies":[{"name":"wp","href":"https:\/\/api.w.org\/{rel}","templated":true}]}}