{"id":48,"date":"2023-03-07T20:57:01","date_gmt":"2023-03-07T20:57:01","guid":{"rendered":"https:\/\/gaidi.de\/?page_id=48"},"modified":"2023-03-08T20:34:58","modified_gmt":"2023-03-08T20:34:58","slug":"impressum","status":"publish","type":"page","link":"https:\/\/gaidi.de\/fr\/impressum\/","title":{"rendered":"Impression"},"content":{"rendered":"<div data-elementor-type=\"wp-page\" data-elementor-id=\"48\" class=\"elementor elementor-48\" data-elementor-post-type=\"page\">\n\t\t\t\t\t\t<section class=\"elementor-section elementor-top-section elementor-element elementor-element-573503a elementor-section-boxed elementor-section-height-default elementor-section-height-default\" data-id=\"573503a\" data-element_type=\"section\" data-e-type=\"section\">\n\t\t\t\t\t\t<div class=\"elementor-container elementor-column-gap-default\">\n\t\t\t\t\t<div class=\"elementor-column elementor-col-100 elementor-top-column elementor-element elementor-element-a9e74dd column-style-top column-top\" data-id=\"a9e74dd\" data-element_type=\"column\" data-e-type=\"column\">\n\t\t\t<div class=\"elementor-widget-wrap elementor-element-populated\">\n\t\t\t\t\t\t<div class=\"elementor-element elementor-element-71ea054 elementor-widget elementor-widget-text-editor\" data-id=\"71ea054\" data-element_type=\"widget\" data-e-type=\"widget\" data-widget_type=\"text-editor.default\">\n\t\t\t\t<div class=\"elementor-widget-container\">\n\t\t\t\t\t\t\t\t\t<p class=\"Standard\">German-African Initiative for Development and Integration (GAIDI) UG<br \/>soci\u00e9t\u00e9 \u00e0 responsabilit\u00e9 limit\u00e9e \u00e0 but non lucratif<br \/>Flankenschanze 4,<br \/>13585 Berlin,<br \/>Germany.<\/p><p class=\"Standard\">Directeur g\u00e9n\u00e9ral autoris\u00e9 \u00e0 repr\u00e9senter l'entreprise : Femi Awoniyi<\/p>\t\t\t\t\t\t\t\t<\/div>\n\t\t\t\t<\/div>\n\t\t\t\t<div class=\"elementor-element elementor-element-f252b66 elementor-widget elementor-widget-heading\" data-id=\"f252b66\" data-element_type=\"widget\" data-e-type=\"widget\" data-widget_type=\"heading.default\">\n\t\t\t\t<div class=\"elementor-widget-container\">\n\t\t\t\t\t<h2 class=\"elementor-heading-title elementor-size-default\">Responsabilit\u00e9 et droits d'auteur<\/h2>\t\t\t\t<\/div>\n\t\t\t\t<\/div>\n\t\t\t\t<div class=\"elementor-element elementor-element-71622bd elementor-widget elementor-widget-text-editor\" data-id=\"71622bd\" data-element_type=\"widget\" data-e-type=\"widget\" data-widget_type=\"text-editor.default\">\n\t\t\t\t<div class=\"elementor-widget-container\">\n\t\t\t\t\t\t\t\t\t<h5>1. G\u00e9n\u00e9ralit\u00e9s<\/h5>\nLes donn\u00e9es et les informations contenues dans ces pages web sont constamment v\u00e9rifi\u00e9es et mises \u00e0 jour. Malgr\u00e9 tout le soin apport\u00e9, il se peut que des donn\u00e9es aient chang\u00e9 entre-temps. Il n'est donc pas possible de garantir l'actualit\u00e9, l'exactitude ou l'exhaustivit\u00e9 des donn\u00e9es et informations mises \u00e0 disposition. \"gaidi.de\" n'est pas responsable des dommages caus\u00e9s par des actions entreprises sur la base des informations ou des donn\u00e9es contenues dans cette page ou dans toute autre page.\n\n<h5>2. Clause de non-responsabilit\u00e9<\/h5>\n\"gaidi.de\" n'est responsable de son propre contenu que dans le cadre des lois g\u00e9n\u00e9rales. En outre, il n'assume aucune responsabilit\u00e9 quant \u00e0 l'actualit\u00e9, l'exactitude, l'exhaustivit\u00e9 ou la qualit\u00e9 des donn\u00e9es et des informations fournies.\n\n\"gaidi.de\" se r\u00e9serve express\u00e9ment le droit de modifier, de compl\u00e9ter, d'effacer ou de cesser temporairement ou d\u00e9finitivement la publication de certaines parties des pages ou de l'ensemble de l'offre sans avis pr\u00e9alable.\n\nLes contenus d'autres fournisseurs, auxquels \"gaidi.de\" renvoie par des liens directs ou indirects, ne refl\u00e8tent pas l'opinion de \"gaidi.de\". \"gaidi.de\" n'est pas non plus responsable des contenus d'autres fournisseurs et n'a aucune influence sur les contenus mis \u00e0 disposition et se d\u00e9solidarise des contenus des pages li\u00e9es, dans la mesure o\u00f9 ils ont \u00e9t\u00e9 modifi\u00e9s apr\u00e8s la mise en place du lien. \"gaidi.de\" souligne express\u00e9ment qu'au moment de l'\u00e9tablissement du lien, aucun contenu ill\u00e9gal n'\u00e9tait reconnaissable sur les pages li\u00e9es.\n\n<h5>3. Droits d'auteur<\/h5>\nTous les contenus des pages ont \u00e9t\u00e9 fournis par les auteurs ou les agences qui y sont nomm\u00e9s. Si aucun auteur ou agence n'est nomm\u00e9, \"gaidi.de\" est consid\u00e9r\u00e9 comme l'auteur. Le contenu des pages ne peut \u00eatre utilis\u00e9, ni en totalit\u00e9 ni en partie, sauf indication contraire explicite, sans l'autorisation \u00e9crite de \"gaidi.de\".\n\n<h5>4. Protection des donn\u00e9es<\/h5>\nVos donn\u00e9es seront trait\u00e9es et g\u00e9r\u00e9es conform\u00e9ment aux directives de l'\u00c9glise en mati\u00e8re de protection des donn\u00e9es (KDO), en accord avec l'EU-DSGVO.\t\t\t\t\t\t\t\t<\/div>\n\t\t\t\t<\/div>\n\t\t\t\t\t<\/div>\n\t\t<\/div>\n\t\t\t\t\t<\/div>\n\t\t<\/section>\n\t\t\t\t<\/div>","protected":false},"excerpt":{"rendered":"<p>German-African Initiative for Development and Integration (GAIDI) UGgemeinn\u00fctzige Gesellschaft mit beschr\u00e4nkter Haftung)Flankenschanze 4,13585 Berlin,Germany. Vertretungsberechtigter Gesch\u00e4ftsf\u00fchrer: Femi Awoniyi Haftung und Urheberrecht 1. Allgemein Die auf diesen Webseiten enthaltenen Angaben und Informationen werden st\u00e4ndig \u00fcberpr\u00fcft und aktualisiert. Trotz aller Sorgfalt k\u00f6nnen sich Daten zwischenzeitlich ver\u00e4ndert haben. Eine Gew\u00e4hr f\u00fcr Aktualit\u00e4t, Richtigkeit oder Vollst\u00e4ndigkeit der zur Verf\u00fcgung [&hellip;]<\/p>","protected":false},"author":1,"featured_media":0,"parent":0,"menu_order":0,"comment_status":"closed","ping_status":"closed","template":"","meta":{"footnotes":"","_links_to":"","_links_to_target":""},"class_list":["post-48","page","type-page","status-publish","hentry"],"_links":{"self":[{"href":"https:\/\/gaidi.de\/fr\/wp-json\/wp\/v2\/pages\/48","targetHints":{"allow":["GET"]}}],"collection":[{"href":"https:\/\/gaidi.de\/fr\/wp-json\/wp\/v2\/pages"}],"about":[{"href":"https:\/\/gaidi.de\/fr\/wp-json\/wp\/v2\/types\/page"}],"author":[{"embeddable":true,"href":"https:\/\/gaidi.de\/fr\/wp-json\/wp\/v2\/users\/1"}],"replies":[{"embeddable":true,"href":"https:\/\/gaidi.de\/fr\/wp-json\/wp\/v2\/comments?post=48"}],"version-history":[{"count":10,"href":"https:\/\/gaidi.de\/fr\/wp-json\/wp\/v2\/pages\/48\/revisions"}],"predecessor-version":[{"id":171,"href":"https:\/\/gaidi.de\/fr\/wp-json\/wp\/v2\/pages\/48\/revisions\/171"}],"wp:attachment":[{"href":"https:\/\/gaidi.de\/fr\/wp-json\/wp\/v2\/media?parent=48"}],"curies":[{"name":"wp","href":"https:\/\/api.w.org\/{rel}","templated":true}]}}