{"id":45,"date":"2023-03-07T20:55:41","date_gmt":"2023-03-07T20:55:41","guid":{"rendered":"https:\/\/gaidi.de\/?page_id=45"},"modified":"2023-03-07T21:02:59","modified_gmt":"2023-03-07T21:02:59","slug":"uber-uns","status":"publish","type":"page","link":"https:\/\/gaidi.de\/fr\/uber-uns\/","title":{"rendered":"\u00c0 propos"},"content":{"rendered":"<div data-elementor-type=\"wp-page\" data-elementor-id=\"45\" class=\"elementor elementor-45\" data-elementor-post-type=\"page\">\n\t\t\t\t\t\t<section class=\"elementor-section elementor-top-section elementor-element elementor-element-feb5ad1 elementor-section-boxed elementor-section-height-default elementor-section-height-default\" data-id=\"feb5ad1\" data-element_type=\"section\" data-e-type=\"section\">\n\t\t\t\t\t\t<div class=\"elementor-container elementor-column-gap-default\">\n\t\t\t\t\t<div class=\"elementor-column elementor-col-33 elementor-top-column elementor-element elementor-element-28792a3 column-style-top column-top\" data-id=\"28792a3\" data-element_type=\"column\" data-e-type=\"column\">\n\t\t\t<div class=\"elementor-widget-wrap elementor-element-populated\">\n\t\t\t\t\t\t<div class=\"elementor-element elementor-element-3742206 elementor-widget elementor-widget-image\" data-id=\"3742206\" data-element_type=\"widget\" data-e-type=\"widget\" data-widget_type=\"image.default\">\n\t\t\t\t<div class=\"elementor-widget-container\">\n\t\t\t\t\t\t\t\t\t\t\t\t\t\t\t<img fetchpriority=\"high\" decoding=\"async\" width=\"1024\" height=\"576\" src=\"https:\/\/gaidi.de\/wp-content\/uploads\/2023\/03\/ezgif-1-ad0fa5a94b-1.jpeg\" class=\"attachment-full size-full wp-image-51\" alt=\"\" \/>\t\t\t\t\t\t\t\t\t\t\t\t\t\t\t<\/div>\n\t\t\t\t<\/div>\n\t\t\t\t\t<\/div>\n\t\t<\/div>\n\t\t\t\t<div class=\"elementor-column elementor-col-66 elementor-top-column elementor-element elementor-element-8d98d2a column-style-top column-top\" data-id=\"8d98d2a\" data-element_type=\"column\" data-e-type=\"column\">\n\t\t\t<div class=\"elementor-widget-wrap elementor-element-populated\">\n\t\t\t\t\t\t<div class=\"elementor-element elementor-element-7e9fe72 elementor-widget elementor-widget-text-editor\" data-id=\"7e9fe72\" data-element_type=\"widget\" data-e-type=\"widget\" data-widget_type=\"text-editor.default\">\n\t\t\t\t<div class=\"elementor-widget-container\">\n\t\t\t\t\t\t\t\t\t<p>L'Initiative germano-africaine pour le d\u00e9veloppement et l'int\u00e9gration (GAIDI) UG est une entreprise sociale qui \u0153uvre \u00e0 l'autonomisation des personnes d'origine africaine vivant en Allemagne.<\/p><p>Pour le GAIDI, l'autonomisation consiste \u00e0 \u0153uvrer \u00e0 l'int\u00e9gration des Africains dans la soci\u00e9t\u00e9 allemande, avec tous les avantages et devoirs qui en d\u00e9coulent, afin qu'ils puissent mener une vie productive et \u00e9panouissante dans le pays.<\/p><p>Le GAIDI encourage \u00e9galement un engagement accru des Africains vivant en Allemagne dans le d\u00e9veloppement de leur pays d'origine et promeut de meilleures relations germano-africaines dans l'esprit d'une coop\u00e9ration pacifique et d'une compr\u00e9hension internationale.<\/p>\t\t\t\t\t\t\t\t<\/div>\n\t\t\t\t<\/div>\n\t\t\t\t\t<\/div>\n\t\t<\/div>\n\t\t\t\t\t<\/div>\n\t\t<\/section>\n\t\t\t\t<\/div>","protected":false},"excerpt":{"rendered":"<p>Die Deutsch-Afrikanische Initiative f\u00fcr Entwicklung und Integration (GAIDI) UG ist ein soziales Unternehmen, das sich f\u00fcr das Empowerment der in Deutschland lebenden Menschen afrikanischer Abstammung einsetzt. Unter Empowerment versteht GAIDI, sich f\u00fcr die Integration von Afrikanern in die deutsche Gesellschaft einzusetzen, mit allen Vorteilen und Pflichten, die damit verbunden sind, damit sie ein produktives und [&hellip;]<\/p>","protected":false},"author":1,"featured_media":0,"parent":0,"menu_order":0,"comment_status":"closed","ping_status":"closed","template":"","meta":{"footnotes":"","_links_to":"","_links_to_target":""},"class_list":["post-45","page","type-page","status-publish","hentry"],"_links":{"self":[{"href":"https:\/\/gaidi.de\/fr\/wp-json\/wp\/v2\/pages\/45","targetHints":{"allow":["GET"]}}],"collection":[{"href":"https:\/\/gaidi.de\/fr\/wp-json\/wp\/v2\/pages"}],"about":[{"href":"https:\/\/gaidi.de\/fr\/wp-json\/wp\/v2\/types\/page"}],"author":[{"embeddable":true,"href":"https:\/\/gaidi.de\/fr\/wp-json\/wp\/v2\/users\/1"}],"replies":[{"embeddable":true,"href":"https:\/\/gaidi.de\/fr\/wp-json\/wp\/v2\/comments?post=45"}],"version-history":[{"count":4,"href":"https:\/\/gaidi.de\/fr\/wp-json\/wp\/v2\/pages\/45\/revisions"}],"predecessor-version":[{"id":54,"href":"https:\/\/gaidi.de\/fr\/wp-json\/wp\/v2\/pages\/45\/revisions\/54"}],"wp:attachment":[{"href":"https:\/\/gaidi.de\/fr\/wp-json\/wp\/v2\/media?parent=45"}],"curies":[{"name":"wp","href":"https:\/\/api.w.org\/{rel}","templated":true}]}}