{"id":36,"date":"2023-03-07T20:51:56","date_gmt":"2023-03-07T20:51:56","guid":{"rendered":"https:\/\/gaidi.de\/?page_id=36"},"modified":"2023-03-07T21:23:37","modified_gmt":"2023-03-07T21:23:37","slug":"projekte","status":"publish","type":"page","link":"https:\/\/gaidi.de\/fr\/projekte\/","title":{"rendered":"Projets"},"content":{"rendered":"<div data-elementor-type=\"wp-page\" data-elementor-id=\"36\" class=\"elementor elementor-36\" data-elementor-post-type=\"page\">\n\t\t\t\t\t\t<section class=\"elementor-section elementor-top-section elementor-element elementor-element-b5fb316 elementor-section-boxed elementor-section-height-default elementor-section-height-default\" data-id=\"b5fb316\" data-element_type=\"section\" data-e-type=\"section\">\n\t\t\t\t\t\t<div class=\"elementor-container elementor-column-gap-default\">\n\t\t\t\t\t<div class=\"elementor-column elementor-col-100 elementor-top-column elementor-element elementor-element-e572f37 column-style-top column-top\" data-id=\"e572f37\" data-element_type=\"column\" data-e-type=\"column\">\n\t\t\t<div class=\"elementor-widget-wrap elementor-element-populated\">\n\t\t\t\t\t\t<div class=\"elementor-element elementor-element-b908f74 elementor-widget elementor-widget-gva-portfolio\" data-id=\"b908f74\" data-element_type=\"widget\" data-e-type=\"widget\" data-widget_type=\"gva-portfolio.default\">\n\t\t\t\t<div class=\"elementor-widget-container\">\n\t\t\t\t\t<div class=\"gva-element-gva-portfolio gva-element\">  \r\n  <div class=\"gva-posts-grid clearfix grid-nv6y\" data-filter=\"nv6y\">\r\n            <div class=\"gva-content-items\"> \r\n        <div class=\"isotope-items view-portfolio lg-block-grid-3 md-block-grid-3 sm-block-grid-2 xs-block-grid-1\">\r\n          \r\n<div class=\"item-columns all\">\r\n   <article id=\"post-686\" class=\"post post-686 portfolio type-portfolio status-publish hentry\">\r\n      <div class=\"post-thumbnail\">\r\n               <\/div>   \r\n\r\n      <div class=\"entry-content\">\r\n         <div class=\"content-inner\">\r\n            \r\n            <h2 class=\"entry-title\"><a href=\"https:\/\/gaidi.de\/fr\/portfolio\/yana-berlin-baut-unterstuetzung-fuer-afrikanische-neuzuwanderer-im-jahr-2025-aus\/\" rel=\"bookmark\">YANA Berlin \u00e9tend son soutien aux nouveaux migrants africains en 2025<\/a><\/h2>\r\n            \r\n            <div class=\"entry-meta\">\r\n                             <span class=\"entry-date\"><a href=\"https:\/\/gaidi.de\/fr\/portfolio\/yana-berlin-baut-unterstuetzung-fuer-afrikanische-neuzuwanderer-im-jahr-2025-aus\/\" rel=\"bookmark\"><time class=\"entry-date\" datetime=\"2025-03-29T11:40:53+00:00\">mars 29, 2025<\/time><\/a><\/span>            <\/div> \r\n\r\n            <div class=\"entry-description\">\r\n               \u00c0 partir du 1er avril 2025, YANA Berlin reprendra ses activit\u00e9s afin de continuer \u00e0 soutenir les demandeurs d'asile et autres nouveaux migrants africains dans la capitale allemande. L'organisation \u00e0 but non lucratif            <\/div>\r\n         <\/div>\r\n\r\n         <div class=\"read-more hidden\"><a class=\"btn-theme\" href=\"https:\/\/gaidi.de\/fr\/portfolio\/yana-berlin-baut-unterstuetzung-fuer-afrikanische-neuzuwanderer-im-jahr-2025-aus\/\">Read more<\/a><\/div>\r\n         \r\n      <\/div>\r\n   <\/article>   \r\n<\/div>\r\n\r\n  \r\n<div class=\"item-columns all\">\r\n   <article id=\"post-642\" class=\"post post-642 portfolio type-portfolio status-publish hentry\">\r\n      <div class=\"post-thumbnail\">\r\n               <\/div>   \r\n\r\n      <div class=\"entry-content\">\r\n         <div class=\"content-inner\">\r\n            \r\n            <h2 class=\"entry-title\"><a href=\"https:\/\/gaidi.de\/fr\/portfolio\/wir-koennen-mehr-tun\/\" rel=\"bookmark\">Nous pouvons faire plus !<\/a><\/h2>\r\n            \r\n            <div class=\"entry-meta\">\r\n                             <span class=\"entry-date\"><a href=\"https:\/\/gaidi.de\/fr\/portfolio\/wir-koennen-mehr-tun\/\" rel=\"bookmark\"><time class=\"entry-date\" datetime=\"2024-10-29T15:28:05+00:00\">octobre 29, 2024<\/time><\/a><\/span>            <\/div> \r\n\r\n            <div class=\"entry-description\">\r\n               Avec le soutien de la Fondation allemande pour l'engagement et le b\u00e9n\u00e9volat, nous menons actuellement le projet \u00ab We Can Do More \u00bb. L'objectif est d'inciter davantage les associations africaines de Berlin \u00e0 s'engager dans le travail d'int\u00e9gration.            <\/div>\r\n         <\/div>\r\n\r\n         <div class=\"read-more hidden\"><a class=\"btn-theme\" href=\"https:\/\/gaidi.de\/fr\/portfolio\/wir-koennen-mehr-tun\/\">Read more<\/a><\/div>\r\n         \r\n      <\/div>\r\n   <\/article>   \r\n<\/div>\r\n\r\n  \r\n<div class=\"item-columns all\">\r\n   <article id=\"post-466\" class=\"post post-466 portfolio type-portfolio status-publish hentry\">\r\n      <div class=\"post-thumbnail\">\r\n               <\/div>   \r\n\r\n      <div class=\"entry-content\">\r\n         <div class=\"content-inner\">\r\n            \r\n            <h2 class=\"entry-title\"><a href=\"https:\/\/gaidi.de\/fr\/portfolio\/verstaerkte-unterstuetzung-fuer-schwarze-gemeinden-in-berlin-mitte\/\" rel=\"bookmark\">Renforcer le soutien aux communaut\u00e9s noires \u00e0 Berlin Mitte<\/a><\/h2>\r\n            \r\n            <div class=\"entry-meta\">\r\n                             <span class=\"entry-date\"><a href=\"https:\/\/gaidi.de\/fr\/portfolio\/verstaerkte-unterstuetzung-fuer-schwarze-gemeinden-in-berlin-mitte\/\" rel=\"bookmark\"><time class=\"entry-date\" datetime=\"2024-05-21T22:11:45+00:00\">mai 21, 2024<\/time><\/a><\/span>            <\/div> \r\n\r\n            <div class=\"entry-description\">\r\n               La GAIDI gUG a men\u00e9 \u00e0 bien la mise en \u0153uvre de son projet \u00ab Strat\u00e9gie de professionnalisation pour tubman.network \u00bb. En collaboration avec tubman.network, une organisation fa\u00eeti\u00e8re regroupant des associations noires en Allemagne, le projet visait \u00e0 soutenir            <\/div>\r\n         <\/div>\r\n\r\n         <div class=\"read-more hidden\"><a class=\"btn-theme\" href=\"https:\/\/gaidi.de\/fr\/portfolio\/verstaerkte-unterstuetzung-fuer-schwarze-gemeinden-in-berlin-mitte\/\">Read more<\/a><\/div>\r\n         \r\n      <\/div>\r\n   <\/article>   \r\n<\/div>\r\n\r\n  \r\n<div class=\"item-columns all\">\r\n   <article id=\"post-465\" class=\"post post-465 portfolio type-portfolio status-publish hentry\">\r\n      <div class=\"post-thumbnail\">\r\n               <\/div>   \r\n\r\n      <div class=\"entry-content\">\r\n         <div class=\"content-inner\">\r\n            \r\n            <h2 class=\"entry-title\"><a href=\"https:\/\/gaidi.de\/fr\/portfolio\/yana-unterstuetzt-afrikanische-neuzuwanderer-in-berlin\/\" rel=\"bookmark\">YANA soutient les nouveaux immigrants africains \u00e0 Berlin<\/a><\/h2>\r\n            \r\n            <div class=\"entry-meta\">\r\n                             <span class=\"entry-date\"><a href=\"https:\/\/gaidi.de\/fr\/portfolio\/yana-unterstuetzt-afrikanische-neuzuwanderer-in-berlin\/\" rel=\"bookmark\"><time class=\"entry-date\" datetime=\"2024-05-21T22:08:02+00:00\">mai 21, 2024<\/time><\/a><\/span>            <\/div> \r\n\r\n            <div class=\"entry-description\">\r\n               Un projet visant \u00e0 soutenir les migrants r\u00e9cents d'Afrique \u00e0 Berlin, y compris les r\u00e9fugi\u00e9s et les demandeurs d'asile, ainsi que les personnes d\u00e9plac\u00e9es par la guerre en Ukraine, est relanc\u00e9 le 15 mai            <\/div>\r\n         <\/div>\r\n\r\n         <div class=\"read-more hidden\"><a class=\"btn-theme\" href=\"https:\/\/gaidi.de\/fr\/portfolio\/yana-unterstuetzt-afrikanische-neuzuwanderer-in-berlin\/\">Read more<\/a><\/div>\r\n         \r\n      <\/div>\r\n   <\/article>   \r\n<\/div>\r\n\r\n  \r\n<div class=\"item-columns all\">\r\n   <article id=\"post-70\" class=\"post post-70 portfolio type-portfolio status-publish hentry\">\r\n      <div class=\"post-thumbnail\">\r\n               <\/div>   \r\n\r\n      <div class=\"entry-content\">\r\n         <div class=\"content-inner\">\r\n            \r\n            <h2 class=\"entry-title\"><a href=\"https:\/\/gaidi.de\/fr\/portfolio\/forderung-der-sicheren-migration-in-afrika\/\" rel=\"bookmark\">Promouvoir la s\u00e9curit\u00e9 des migrations en Afrique<\/a><\/h2>\r\n            \r\n            <div class=\"entry-meta\">\r\n                             <span class=\"entry-date\"><a href=\"https:\/\/gaidi.de\/fr\/portfolio\/forderung-der-sicheren-migration-in-afrika\/\" rel=\"bookmark\"><time class=\"entry-date\" datetime=\"2023-03-07T21:20:16+00:00\">mars 7, 2023<\/time><\/a><\/span>            <\/div> \r\n\r\n            <div class=\"entry-description\">\r\n               La souffrance des jeunes Africains dans le processus de migration irr\u00e9guli\u00e8re est une pr\u00e9occupation majeure pour GAIDI. Les migrants et les r\u00e9fugi\u00e9s sont souvent inconscients et sans d\u00e9fense face aux fausses            <\/div>\r\n         <\/div>\r\n\r\n         <div class=\"read-more hidden\"><a class=\"btn-theme\" href=\"https:\/\/gaidi.de\/fr\/portfolio\/forderung-der-sicheren-migration-in-afrika\/\">Read more<\/a><\/div>\r\n         \r\n      <\/div>\r\n   <\/article>   \r\n<\/div>\r\n\r\n  \r\n<div class=\"item-columns all\">\r\n   <article id=\"post-68\" class=\"post post-68 portfolio type-portfolio status-publish has-post-thumbnail hentry\">\r\n      <div class=\"post-thumbnail\">\r\n         <img fetchpriority=\"high\" decoding=\"async\" width=\"1409\" height=\"709\" src=\"https:\/\/gaidi.de\/wp-content\/uploads\/2023\/03\/Ukraine-Berlin-Station.jpg\" class=\"attachment-full size-full wp-post-image\" alt=\"Aide aux Africains d&#039;Ukraine\" \/>      <\/div>   \r\n\r\n      <div class=\"entry-content\">\r\n         <div class=\"content-inner\">\r\n            \r\n            <h2 class=\"entry-title\"><a href=\"https:\/\/gaidi.de\/fr\/portfolio\/hilfe-fur-afrikaner-aus-der-ukraine\/\" rel=\"bookmark\">Aide aux Africains d'Ukraine<\/a><\/h2>\r\n            \r\n            <div class=\"entry-meta\">\r\n                             <span class=\"entry-date\"><a href=\"https:\/\/gaidi.de\/fr\/portfolio\/hilfe-fur-afrikaner-aus-der-ukraine\/\" rel=\"bookmark\"><time class=\"entry-date\" datetime=\"2023-03-07T21:17:46+00:00\">mars 7, 2023<\/time><\/a><\/span>            <\/div> \r\n\r\n            <div class=\"entry-description\">\r\n               Depuis le d\u00e9but de l'invasion russe de l'Ukraine le 24 f\u00e9vrier, plus de 4 millions d'Ukrainiens et de personnes d'autres nationalit\u00e9s vivant dans le pays ont cherch\u00e9 refuge dans les pays europ\u00e9ens.            <\/div>\r\n         <\/div>\r\n\r\n         <div class=\"read-more hidden\"><a class=\"btn-theme\" href=\"https:\/\/gaidi.de\/fr\/portfolio\/hilfe-fur-afrikaner-aus-der-ukraine\/\">Read more<\/a><\/div>\r\n         \r\n      <\/div>\r\n   <\/article>   \r\n<\/div>\r\n\r\n          <\/div>\r\n      <\/div>\r\n        <\/div>\r\n  <\/div>\t\t\t\t<\/div>\n\t\t\t\t<\/div>\n\t\t\t\t\t<\/div>\n\t\t<\/div>\n\t\t\t\t\t<\/div>\n\t\t<\/section>\n\t\t\t\t<\/div>","protected":false},"excerpt":{"rendered":"<p>F\u00f6rderung der sicheren Migration in Afrika March 7, 2023 Das Leid junger Afrikaner im Prozess der irregul\u00e4ren Migration ist f\u00fcr GAIDI von gro\u00dfer Bedeutung. Migranten und Fl\u00fcchtlinge sind oft ahnungslos und wehrlos gegen\u00fcber den falschen Informationen, die ihnen von Read more Hilfe f\u00fcr Afrikaner aus der Ukraine March 7, 2023 Seit dem Beginn der russischen [&hellip;]<\/p>","protected":false},"author":1,"featured_media":0,"parent":0,"menu_order":0,"comment_status":"closed","ping_status":"closed","template":"","meta":{"footnotes":"","_links_to":"","_links_to_target":""},"class_list":["post-36","page","type-page","status-publish","hentry"],"_links":{"self":[{"href":"https:\/\/gaidi.de\/fr\/wp-json\/wp\/v2\/pages\/36","targetHints":{"allow":["GET"]}}],"collection":[{"href":"https:\/\/gaidi.de\/fr\/wp-json\/wp\/v2\/pages"}],"about":[{"href":"https:\/\/gaidi.de\/fr\/wp-json\/wp\/v2\/types\/page"}],"author":[{"embeddable":true,"href":"https:\/\/gaidi.de\/fr\/wp-json\/wp\/v2\/users\/1"}],"replies":[{"embeddable":true,"href":"https:\/\/gaidi.de\/fr\/wp-json\/wp\/v2\/comments?post=36"}],"version-history":[{"count":7,"href":"https:\/\/gaidi.de\/fr\/wp-json\/wp\/v2\/pages\/36\/revisions"}],"predecessor-version":[{"id":77,"href":"https:\/\/gaidi.de\/fr\/wp-json\/wp\/v2\/pages\/36\/revisions\/77"}],"wp:attachment":[{"href":"https:\/\/gaidi.de\/fr\/wp-json\/wp\/v2\/media?parent=36"}],"curies":[{"name":"wp","href":"https:\/\/api.w.org\/{rel}","templated":true}]}}