{"id":329,"date":"2023-10-14T21:21:27","date_gmt":"2023-10-14T21:21:27","guid":{"rendered":"https:\/\/gaidi.de\/?page_id=329"},"modified":"2023-10-14T21:39:15","modified_gmt":"2023-10-14T21:39:15","slug":"ausbildungsangebote-in-deutschland","status":"publish","type":"page","link":"https:\/\/gaidi.de\/fr\/ausbildungsangebote-in-deutschland\/","title":{"rendered":"Possibilit\u00e9s de formation en Allemagne"},"content":{"rendered":"<div data-elementor-type=\"wp-page\" data-elementor-id=\"329\" class=\"elementor elementor-329\" data-elementor-post-type=\"page\">\n\t\t\t\t\t\t<section class=\"elementor-section elementor-top-section elementor-element elementor-element-3b19e99 elementor-section-boxed elementor-section-height-default elementor-section-height-default\" data-id=\"3b19e99\" data-element_type=\"section\" data-e-type=\"section\">\n\t\t\t\t\t\t<div class=\"elementor-container elementor-column-gap-default\">\n\t\t\t\t\t<div class=\"elementor-column elementor-col-100 elementor-top-column elementor-element elementor-element-950ce3c column-style-top column-top\" data-id=\"950ce3c\" data-element_type=\"column\" data-e-type=\"column\">\n\t\t\t<div class=\"elementor-widget-wrap elementor-element-populated\">\n\t\t\t\t\t\t<div class=\"elementor-element elementor-element-9301d9a elementor-widget elementor-widget-text-editor\" data-id=\"9301d9a\" data-element_type=\"widget\" data-e-type=\"widget\" data-widget_type=\"text-editor.default\">\n\t\t\t\t<div class=\"elementor-widget-container\">\n\t\t\t\t\t\t\t\t\t<p>Le syst\u00e8me de formation allemand offre aux personnes \u00e0 la recherche d'une formation un bon d\u00e9part dans leur carri\u00e8re et les pr\u00e9pare de mani\u00e8re optimale aux exigences du monde du travail.<\/p><p>Il existe plus de 320 m\u00e9tiers d'apprentissage reconnus par l'\u00c9tat en Allemagne.<\/p><p>Vous pouvez suivre une formation professionnelle dans un grand nombre de secteurs : social, commercial, m\u00e9dical, industriel-technique, artisanal ou l'un des nombreux autres domaines.<\/p><p>Il existe deux mod\u00e8les de formation en Allemagne : la formation en alternance et la formation en milieu scolaire.<\/p><p>La formation en alternance dure g\u00e9n\u00e9ralement trois ans, tandis que la formation en milieu scolaire ne dure que deux ans.<\/p><p>Dans la formation en \u00e9cole, vous ne fr\u00e9quentez que l'\u00e9cole professionnelle et ne travaillez pas dans une entreprise, comme c'est le cas dans la formation en alternance. Il est possible d'effectuer un stage en entreprise, mais la partie pratique est beaucoup moins importante que dans la formation en alternance.<\/p><p>La combinaison de la th\u00e9orie et de la pratique dans la formation professionnelle duale allemande est unique au monde. La formation se d\u00e9roule dans l'entreprise et \u00e0 l'\u00e9cole professionnelle.<\/p><p>Dans la formation professionnelle en alternance, la moiti\u00e9 de la formation se d\u00e9roule dans l'entreprise et l'autre moiti\u00e9 \u00e0 l'\u00e9cole professionnelle. Vous travaillez dans l'entreprise d\u00e8s le d\u00e9but. Parall\u00e8lement, vous apprenez la th\u00e9orie \u00e0 l'\u00e9cole professionnelle.<\/p><p>Si vous optez pour une formation professionnelle duale, vous recevrez un salaire fixe. Si vous choisissez une formation en \u00e9cole, vous n'\u00eates souvent pas r\u00e9mun\u00e9r\u00e9 et devez financer vos frais de subsistance autrement.<\/p><p>Tout le monde peut effectuer un apprentissage en Allemagne, m\u00eame si vous venez d'un pays non membre de l'UE. Toutefois, vous devez remplir certaines conditions.<\/p><p>L'apprentissage est un bon moyen d'entrer dans le monde du travail allemand, car l'Allemagne a un besoin urgent de travailleurs qualifi\u00e9s. De plus, un certificat allemand est reconnu dans le monde entier.<\/p><p>Apr\u00e8s votre formation, en tant que ressortissant d'un pays non membre de l'UE, vous \u00eates autoris\u00e9 \u00e0 rester en Allemagne pendant douze mois suppl\u00e9mentaires afin de trouver un emploi. Vous pouvez alors postuler aupr\u00e8s des entreprises qui ont publi\u00e9 des offres d'emploi appropri\u00e9es.<\/p><p>Avec une qualification professionnelle r\u00e9ussie, les chances de trouver un emploi permanent en tant que travailleur qualifi\u00e9 dans une entreprise en Allemagne sont tr\u00e8s bonnes. Les \u00e9trangers qui ont un emploi ont \u00e9galement la possibilit\u00e9 d'obtenir un permis de s\u00e9jour permanent dans le pays.<\/p><p>Dans certaines professions, il est m\u00eame plus facile de trouver un emploi en tant qu'\u00e9tranger. Cela s'explique principalement par la p\u00e9nurie de travailleurs qualifi\u00e9s pour ces professions.<\/p><p>Certains secteurs et professions sont particuli\u00e8rement accessibles aux \u00e9trangers originaires de pays non membres de l'UE, comme l'artisanat, les soins, la gastronomie et les technologies de l'information. Ces secteurs ont souvent besoin de travailleurs qualifi\u00e9s et il existe des programmes sp\u00e9ciaux pour aider les \u00e9trangers \u00e0 s'int\u00e9grer sur le march\u00e9 du travail.<\/p><p>Par exemple, les h\u00f4pitaux et les \u00e9tablissements de soins manquent de personnel dans tout le pays. C'est pourquoi les candidats \u00e9trangers sont particuli\u00e8rement recherch\u00e9s dans ce domaine.<\/p><p>En Allemagne, il n'est pas n\u00e9cessaire d'\u00eatre titulaire d'un dipl\u00f4me de fin d'\u00e9tudes pour suivre une formation en apprentissage. Chaque entreprise de formation d\u00e9cide elle-m\u00eame des pr\u00e9requis et des qualifications que les candidats doivent poss\u00e9der pour suivre une formation en apprentissage.<\/p><p>Pour commencer un apprentissage en Allemagne en tant qu'\u00e9tranger, vous devez remplir quelques conditions.<\/p><p>Si vous souhaitez commencer un apprentissage en Allemagne, vous vous posez certainement de nombreuses questions : Quelles sont les conditions \u00e0 remplir ? Comment trouver une place de formation dans une entreprise allemande ? Comment obtenir un visa pour entrer en Allemagne ? Etc.<\/p><p>Nous avons les r\u00e9ponses \u00e0 vos questions et nous vous donnons des conseils et des informations importantes sur la formation en Allemagne.<\/p><p>\u00a0<\/p><p>Contactez-nous d\u00e8s aujourd'hui !<\/p><p>WhatsApp: +49 176 84980470<\/p><p>E-Mail: info@gaidi.de<\/p><p>\u00a0<\/p>\t\t\t\t\t\t\t\t<\/div>\n\t\t\t\t<\/div>\n\t\t\t\t\t<\/div>\n\t\t<\/div>\n\t\t\t\t\t<\/div>\n\t\t<\/section>\n\t\t\t\t<\/div>","protected":false},"excerpt":{"rendered":"<p>Das deutsche Ausbildungssystem bietet Ausbildungssuchenden einen guten Berufseinstieg und bereitet sie optimal auf die Anforderungen der Arbeitswelt vor. In Deutschland gibt es mehr als 320 staatlich anerkannte Ausbildungsberufe. Sie k\u00f6nnen Ihre Berufsausbildung in den unterschiedlichsten Bereichen absolvieren: Im sozialen, kaufm\u00e4nnischen, medizinischen, gewerblich-technischen, handwerklichen oder einem der vielen anderen Bereiche. In Deutschland gibt es zwei Modelle [&hellip;]<\/p>","protected":false},"author":1,"featured_media":0,"parent":0,"menu_order":0,"comment_status":"closed","ping_status":"closed","template":"","meta":{"footnotes":"","_links_to":"","_links_to_target":""},"class_list":["post-329","page","type-page","status-publish","hentry"],"_links":{"self":[{"href":"https:\/\/gaidi.de\/fr\/wp-json\/wp\/v2\/pages\/329","targetHints":{"allow":["GET"]}}],"collection":[{"href":"https:\/\/gaidi.de\/fr\/wp-json\/wp\/v2\/pages"}],"about":[{"href":"https:\/\/gaidi.de\/fr\/wp-json\/wp\/v2\/types\/page"}],"author":[{"embeddable":true,"href":"https:\/\/gaidi.de\/fr\/wp-json\/wp\/v2\/users\/1"}],"replies":[{"embeddable":true,"href":"https:\/\/gaidi.de\/fr\/wp-json\/wp\/v2\/comments?post=329"}],"version-history":[{"count":11,"href":"https:\/\/gaidi.de\/fr\/wp-json\/wp\/v2\/pages\/329\/revisions"}],"predecessor-version":[{"id":341,"href":"https:\/\/gaidi.de\/fr\/wp-json\/wp\/v2\/pages\/329\/revisions\/341"}],"wp:attachment":[{"href":"https:\/\/gaidi.de\/fr\/wp-json\/wp\/v2\/media?parent=329"}],"curies":[{"name":"wp","href":"https:\/\/api.w.org\/{rel}","templated":true}]}}