{"id":272,"date":"2023-08-10T08:48:23","date_gmt":"2023-08-10T08:48:23","guid":{"rendered":"https:\/\/gaidi.de\/?page_id=272"},"modified":"2023-08-10T09:03:19","modified_gmt":"2023-08-10T09:03:19","slug":"gaidi-internationale-bildungsdienste","status":"publish","type":"page","link":"https:\/\/gaidi.de\/fr\/gaidi-internationale-bildungsdienste\/","title":{"rendered":"GAIDI Services d'\u00e9ducation internationale"},"content":{"rendered":"<div data-elementor-type=\"wp-page\" data-elementor-id=\"272\" class=\"elementor elementor-272\" data-elementor-post-type=\"page\">\n\t\t\t\t\t\t<section class=\"elementor-section elementor-top-section elementor-element elementor-element-a5e4048 elementor-section-boxed elementor-section-height-default elementor-section-height-default\" data-id=\"a5e4048\" data-element_type=\"section\" data-e-type=\"section\">\n\t\t\t\t\t\t<div class=\"elementor-container elementor-column-gap-default\">\n\t\t\t\t\t<div class=\"elementor-column elementor-col-33 elementor-top-column elementor-element elementor-element-5c8619a column-style-top column-top\" data-id=\"5c8619a\" data-element_type=\"column\" data-e-type=\"column\">\n\t\t\t<div class=\"elementor-widget-wrap elementor-element-populated\">\n\t\t\t\t\t\t<div class=\"elementor-element elementor-element-fd0c587 elementor-widget elementor-widget-image\" data-id=\"fd0c587\" data-element_type=\"widget\" data-e-type=\"widget\" data-widget_type=\"image.default\">\n\t\t\t\t<div class=\"elementor-widget-container\">\n\t\t\t\t\t\t\t\t\t\t\t\t\t\t\t<img fetchpriority=\"high\" decoding=\"async\" width=\"1339\" height=\"700\" src=\"https:\/\/gaidi.de\/wp-content\/uploads\/2023\/08\/Uni-Heidelberg-22.jpg\" class=\"attachment-full size-full wp-image-276\" alt=\"Uni-Heidelberg\" \/>\t\t\t\t\t\t\t\t\t\t\t\t\t\t\t<\/div>\n\t\t\t\t<\/div>\n\t\t\t\t\t<\/div>\n\t\t<\/div>\n\t\t\t\t<div class=\"elementor-column elementor-col-66 elementor-top-column elementor-element elementor-element-ac6e6d9 column-style-top column-top\" data-id=\"ac6e6d9\" data-element_type=\"column\" data-e-type=\"column\">\n\t\t\t<div class=\"elementor-widget-wrap elementor-element-populated\">\n\t\t\t\t\t\t<div class=\"elementor-element elementor-element-afa76fb elementor-widget elementor-widget-text-editor\" data-id=\"afa76fb\" data-element_type=\"widget\" data-e-type=\"widget\" data-widget_type=\"text-editor.default\">\n\t\t\t\t<div class=\"elementor-widget-container\">\n\t\t\t\t\t\t\t\t\t<p>Dans le cadre de notre travail visant \u00e0 d\u00e9courager la migration irr\u00e9guli\u00e8re en Afrique, nous encourageons les jeunes \u00e0 chercher des moyens l\u00e9gaux de migrer vers l'Europe et d'autres destinations qui les int\u00e9ressent. L'un de ces moyens consiste \u00e0 \u00e9tudier et \u00e0 recevoir une formation.<\/p>\t\t\t\t\t\t\t\t<\/div>\n\t\t\t\t<\/div>\n\t\t\t\t<div class=\"elementor-element elementor-element-8261551 elementor-widget elementor-widget-text-editor\" data-id=\"8261551\" data-element_type=\"widget\" data-e-type=\"widget\" data-widget_type=\"text-editor.default\">\n\t\t\t\t<div class=\"elementor-widget-container\">\n\t\t\t\t\t\t\t\t\t<p>GAIDI est l\u00e0 pour vous aider \u00e0 chaque \u00e9tape de vos \u00e9tudes ou de votre formation en Allemagne.<\/p>\t\t\t\t\t\t\t\t<\/div>\n\t\t\t\t<\/div>\n\t\t\t\t<div class=\"elementor-element elementor-element-4168fc5 elementor-widget elementor-widget-text-editor\" data-id=\"4168fc5\" data-element_type=\"widget\" data-e-type=\"widget\" data-widget_type=\"text-editor.default\">\n\t\t\t\t<div class=\"elementor-widget-container\">\n\t\t\t\t\t\t\t\t\t<p>Nous vous fournissons des informations sur les options de cours les plus appropri\u00e9es, les \u00e9tablissements proposant ces cours, les conditions d'admission, les exigences linguistiques et financi\u00e8res, et la meilleure fa\u00e7on d'obtenir l'admission, entre autres. En outre, nous offrons une assistance avant et apr\u00e8s l'arriv\u00e9e en Allemagne.<\/p>\t\t\t\t\t\t\t\t<\/div>\n\t\t\t\t<\/div>\n\t\t\t\t<div class=\"elementor-element elementor-element-653d456 elementor-widget elementor-widget-text-editor\" data-id=\"653d456\" data-element_type=\"widget\" data-e-type=\"widget\" data-widget_type=\"text-editor.default\">\n\t\t\t\t<div class=\"elementor-widget-container\">\n\t\t\t\t\t\t\t\t\t<p>Voici pourquoi \u00e9tudier en Allemagne est une opportunit\u00e9 qui vaut la peine d'\u00eatre explor\u00e9e par les jeunes Africains :<\/p><ul><li>Une \u00e9ducation d'excellente qualit\u00e9 pour des frais de scolarit\u00e9 tr\u00e8s bas, voire nuls, dans les \u00e9tablissements d'enseignement sup\u00e9rieur financ\u00e9s par l'\u00c9tat.  Veuillez noter que les \u00e9tablissements priv\u00e9s facturent des frais de scolarit\u00e9<\/li><li>L'Allemagne compte 427 \u00e9tablissements d'enseignement sup\u00e9rieur agr\u00e9\u00e9s par l'\u00c9tat. Ensemble, ils proposent un total de plus de 18 000 programmes dipl\u00f4mants.<\/li><li>Viele der deutschen Hochschulen bieten englischsprachige Studieng\u00e4nge an &#8211; insgesamt etwa 1.000 (meist postgraduale Studieng\u00e4nge).<\/li><li>Die Lebenshaltungskosten in Deutschland sind im Vergleich zu anderen westeurop\u00e4ischen L\u00e4ndern relativ bescheiden. Im Durchschnitt k\u00f6nnen Studierende mit 800-900 Euro pro Monat auskommen &#8211; f\u00fcr Miete, Essen, Transport, Krankenversicherung, Telefon\/Internet, Studienmaterial und Freizeitaktivit\u00e4ten.<\/li><li>Les \u00e9tudiants \u00e9trangers sont autoris\u00e9s \u00e0 travailler \u00e0 temps partiel pour un maximum de 20 heures par semaine et \u00e0 temps plein pendant les vacances.<\/li><li>Possibilit\u00e9s de travailler en Allemagne apr\u00e8s l'obtention du dipl\u00f4me. Les dipl\u00f4m\u00e9s b\u00e9n\u00e9ficient d'un permis de s\u00e9jour post-\u00e9tudes de 18 mois (visa de retour), qui leur permet de trouver un emploi en Allemagne.<\/li><li>L'Allemagne est r\u00e9put\u00e9e pour \u00eatre l'un des pays les plus favorables aux \u00e9tudiants \u00e9trangers.<\/li><li>Pour ceux qui souhaitent suivre une formation professionnelle en Allemagne, il n'y a pas de frais. En effet, vous recevez une allocation de subsistance pendant la dur\u00e9e de votre formation.<\/li><\/ul><p>Laissez-nous vous guider !<\/p><p>Contactez GAIDI d\u00e8s aujourd'hui \u00e0 l'adresse suivante : info@gaidi.de <a href=\"mailto:info@gaidi.de\">info@gaidi.de<\/a><\/p>\t\t\t\t\t\t\t\t<\/div>\n\t\t\t\t<\/div>\n\t\t\t\t\t<\/div>\n\t\t<\/div>\n\t\t\t\t\t<\/div>\n\t\t<\/section>\n\t\t\t\t<\/div>","protected":false},"excerpt":{"rendered":"<p>Im Rahmen unserer Arbeit zur Bek\u00e4mpfung der irregul\u00e4ren Migration in Afrika ermutigen wir junge Menschen, legale Wege der Migration nach Europa und zu anderen Zielorten ihres Interesses zu suchen. Einer dieser Wege ist das Studium und die Ausbildung. GAIDI unterst\u00fctzt Sie bei jedem Schritt auf dem Weg zu einem Studium oder einer Ausbildung in Deutschland. [&hellip;]<\/p>","protected":false},"author":1,"featured_media":0,"parent":0,"menu_order":0,"comment_status":"closed","ping_status":"closed","template":"","meta":{"footnotes":"","_links_to":"","_links_to_target":""},"class_list":["post-272","page","type-page","status-publish","hentry"],"_links":{"self":[{"href":"https:\/\/gaidi.de\/fr\/wp-json\/wp\/v2\/pages\/272","targetHints":{"allow":["GET"]}}],"collection":[{"href":"https:\/\/gaidi.de\/fr\/wp-json\/wp\/v2\/pages"}],"about":[{"href":"https:\/\/gaidi.de\/fr\/wp-json\/wp\/v2\/types\/page"}],"author":[{"embeddable":true,"href":"https:\/\/gaidi.de\/fr\/wp-json\/wp\/v2\/users\/1"}],"replies":[{"embeddable":true,"href":"https:\/\/gaidi.de\/fr\/wp-json\/wp\/v2\/comments?post=272"}],"version-history":[{"count":5,"href":"https:\/\/gaidi.de\/fr\/wp-json\/wp\/v2\/pages\/272\/revisions"}],"predecessor-version":[{"id":279,"href":"https:\/\/gaidi.de\/fr\/wp-json\/wp\/v2\/pages\/272\/revisions\/279"}],"wp:attachment":[{"href":"https:\/\/gaidi.de\/fr\/wp-json\/wp\/v2\/media?parent=272"}],"curies":[{"name":"wp","href":"https:\/\/api.w.org\/{rel}","templated":true}]}}