{"id":190,"date":"2023-03-09T04:36:28","date_gmt":"2023-03-09T04:36:28","guid":{"rendered":"https:\/\/gaidi.de\/?page_id=190"},"modified":"2023-03-09T04:40:27","modified_gmt":"2023-03-09T04:40:27","slug":"integration","status":"publish","type":"page","link":"https:\/\/gaidi.de\/fr\/integration\/","title":{"rendered":"Int\u00e9gration"},"content":{"rendered":"<div data-elementor-type=\"wp-page\" data-elementor-id=\"190\" class=\"elementor elementor-190\" data-elementor-post-type=\"page\">\n\t\t\t\t\t\t<section class=\"elementor-section elementor-top-section elementor-element elementor-element-755e38b7 elementor-section-boxed elementor-section-height-default elementor-section-height-default\" data-id=\"755e38b7\" data-element_type=\"section\" data-e-type=\"section\">\n\t\t\t\t\t\t<div class=\"elementor-container elementor-column-gap-default\">\n\t\t\t\t\t<div class=\"elementor-column elementor-col-100 elementor-top-column elementor-element elementor-element-137eaed column-style-top column-top\" data-id=\"137eaed\" data-element_type=\"column\" data-e-type=\"column\">\n\t\t\t<div class=\"elementor-widget-wrap elementor-element-populated\">\n\t\t\t\t\t\t<div class=\"elementor-element elementor-element-3f1e3bbb elementor-widget elementor-widget-gva-heading-block\" data-id=\"3f1e3bbb\" data-element_type=\"widget\" data-e-type=\"widget\" data-widget_type=\"gva-heading-block.default\">\n\t\t\t\t<div class=\"elementor-widget-container\">\n\t\t\t\t\t<div class=\"gva-element-gva-heading-block gva-element\">   <div class=\"align-center style-1 widget gsc-heading\">\r\n      <div class=\"content-inner\">\r\n                     <div class=\"heading-icon\"><img decoding=\"async\" src=\"\/wp-content\/plugins\/gavias-oxpitan-themer\/elementor\/assets\/images\/icon-heading.png\" alt=\"CE QUE\"\/><\/div>\r\n           \r\n                     <h2 class=\"title\">\r\n               <span>CE QUE<\/span>\r\n            <\/h2>\r\n                              <div class=\"sub-title\"><span>GAIDI offre:<\/span><\/div>\r\n                  \r\n               <\/div>\r\n   <\/div>\r\n   <div class=\"clearfix\"><\/div>\r\n<\/div>\t\t\t\t<\/div>\n\t\t\t\t<\/div>\n\t\t\t\t\t<\/div>\n\t\t<\/div>\n\t\t\t\t\t<\/div>\n\t\t<\/section>\n\t\t\t\t<section class=\"elementor-section elementor-top-section elementor-element elementor-element-419ad386 elementor-section-boxed elementor-section-height-default elementor-section-height-default\" data-id=\"419ad386\" data-element_type=\"section\" data-e-type=\"section\" data-settings=\"{&quot;background_background&quot;:&quot;classic&quot;,&quot;animation&quot;:&quot;none&quot;}\">\n\t\t\t\t\t\t<div class=\"elementor-container elementor-column-gap-default\">\n\t\t\t\t\t<div class=\"elementor-column elementor-col-33 elementor-top-column elementor-element elementor-element-7e8100f9 column-style-top column-top\" data-id=\"7e8100f9\" data-element_type=\"column\" data-e-type=\"column\">\n\t\t\t<div class=\"elementor-widget-wrap elementor-element-populated\">\n\t\t\t\t\t\t<div class=\"elementor-element elementor-element-2bc5e914 elementor-widget elementor-widget-gva-icon-box-styles\" data-id=\"2bc5e914\" data-element_type=\"widget\" data-e-type=\"widget\" data-widget_type=\"gva-icon-box-styles.default\">\n\t\t\t\t<div class=\"elementor-widget-container\">\n\t\t\t\t\t<div class=\"gva-element-gva-icon-box-styles gva-element\">\r\n         <div class=\"widget gsc-icon-box-styles style-1\">\r\n         \r\n                     <div class=\"icon-inner\">\r\n                                                <span class=\"icon icon-image\"><img decoding=\"async\" src=\"https:\/\/gaidi.de\/wp-content\/uploads\/2023\/03\/icon-3.png\" alt=\"1\"\/><\/span>\r\n                  \r\n            <\/div>\r\n         \r\n         <div class=\"content-inner\">\r\n                           <h3 class=\"title\">\r\n                  1               <\/h3>\r\n            \r\n                           <div class=\"desc\">Des conseils gratuits et confidentiels de qualit\u00e9 pour les r\u00e9fugi\u00e9s et les migrants sur des questions li\u00e9es aux cours de langue et d'int\u00e9gration, \u00e0 l'\u00e9ducation et \u00e0 la formation, aux droits de s\u00e9jour, \u00e0 l'aide sociale, aux questions administratives et sociales.<\/div>\r\n            \r\n         <\/div>\r\n      <\/div> \r\n   \r\n   \r\n      \r\n\r\n\r\n<\/div>\t\t\t\t<\/div>\n\t\t\t\t<\/div>\n\t\t\t\t\t<\/div>\n\t\t<\/div>\n\t\t\t\t<div class=\"elementor-column elementor-col-33 elementor-top-column elementor-element elementor-element-213ba787 column-style-top column-top\" data-id=\"213ba787\" data-element_type=\"column\" data-e-type=\"column\">\n\t\t\t<div class=\"elementor-widget-wrap elementor-element-populated\">\n\t\t\t\t\t\t<div class=\"elementor-element elementor-element-1138611e elementor-widget elementor-widget-gva-icon-box-styles\" data-id=\"1138611e\" data-element_type=\"widget\" data-e-type=\"widget\" data-widget_type=\"gva-icon-box-styles.default\">\n\t\t\t\t<div class=\"elementor-widget-container\">\n\t\t\t\t\t<div class=\"gva-element-gva-icon-box-styles gva-element\">\r\n         <div class=\"widget gsc-icon-box-styles style-1\">\r\n         \r\n                     <div class=\"icon-inner\">\r\n                                                <span class=\"icon icon-image\"><img decoding=\"async\" src=\"https:\/\/gaidi.de\/wp-content\/uploads\/2023\/03\/icon-3.png\" alt=\"2\"\/><\/span>\r\n                  \r\n            <\/div>\r\n         \r\n         <div class=\"content-inner\">\r\n                           <h3 class=\"title\">\r\n                  2               <\/h3>\r\n            \r\n                           <div class=\"desc\">Accompagner les r\u00e9fugi\u00e9s et les migrants \u00e0 leurs rendez-vous, par exemple aupr\u00e8s des administrations et des m\u00e9decins.<\/div>\r\n            \r\n         <\/div>\r\n      <\/div> \r\n   \r\n   \r\n      \r\n\r\n\r\n<\/div>\t\t\t\t<\/div>\n\t\t\t\t<\/div>\n\t\t\t\t\t<\/div>\n\t\t<\/div>\n\t\t\t\t<div class=\"elementor-column elementor-col-33 elementor-top-column elementor-element elementor-element-69eee0bd column-style-top column-top\" data-id=\"69eee0bd\" data-element_type=\"column\" data-e-type=\"column\">\n\t\t\t<div class=\"elementor-widget-wrap elementor-element-populated\">\n\t\t\t\t\t\t<div class=\"elementor-element elementor-element-60a25e1b elementor-widget elementor-widget-gva-icon-box-styles\" data-id=\"60a25e1b\" data-element_type=\"widget\" data-e-type=\"widget\" data-widget_type=\"gva-icon-box-styles.default\">\n\t\t\t\t<div class=\"elementor-widget-container\">\n\t\t\t\t\t<div class=\"gva-element-gva-icon-box-styles gva-element\">\r\n         <div class=\"widget gsc-icon-box-styles style-1\">\r\n         \r\n                     <div class=\"icon-inner\">\r\n                                                <span class=\"icon icon-image\"><img decoding=\"async\" src=\"https:\/\/gaidi.de\/wp-content\/uploads\/2023\/03\/icon-3.png\" alt=\"3\"\/><\/span>\r\n                  \r\n            <\/div>\r\n         \r\n         <div class=\"content-inner\">\r\n                           <h3 class=\"title\">\r\n                  3               <\/h3>\r\n            \r\n                           <div class=\"desc\"> Assistance pratique et soutien aux r\u00e9fugi\u00e9s et aux migrants pour remplir des formulaires, acc\u00e9der aux droits sociaux, etc.<\/div>\r\n            \r\n         <\/div>\r\n      <\/div> \r\n   \r\n   \r\n      \r\n\r\n\r\n<\/div>\t\t\t\t<\/div>\n\t\t\t\t<\/div>\n\t\t\t\t\t<\/div>\n\t\t<\/div>\n\t\t\t\t\t<\/div>\n\t\t<\/section>\n\t\t\t\t<section class=\"elementor-section elementor-top-section elementor-element elementor-element-5d1b3958 elementor-section-boxed elementor-section-height-default elementor-section-height-default\" data-id=\"5d1b3958\" data-element_type=\"section\" data-e-type=\"section\" data-settings=\"{&quot;background_background&quot;:&quot;classic&quot;,&quot;animation&quot;:&quot;none&quot;}\">\n\t\t\t\t\t\t<div class=\"elementor-container elementor-column-gap-default\">\n\t\t\t\t\t<div class=\"elementor-column elementor-col-33 elementor-top-column elementor-element elementor-element-18138ca5 column-style-top column-top\" data-id=\"18138ca5\" data-element_type=\"column\" data-e-type=\"column\">\n\t\t\t<div class=\"elementor-widget-wrap elementor-element-populated\">\n\t\t\t\t\t\t<div class=\"elementor-element elementor-element-321813d4 elementor-widget elementor-widget-gva-icon-box-styles\" data-id=\"321813d4\" data-element_type=\"widget\" data-e-type=\"widget\" data-widget_type=\"gva-icon-box-styles.default\">\n\t\t\t\t<div class=\"elementor-widget-container\">\n\t\t\t\t\t<div class=\"gva-element-gva-icon-box-styles gva-element\">\r\n         <div class=\"widget gsc-icon-box-styles style-1\">\r\n         \r\n                     <div class=\"icon-inner\">\r\n                                                <span class=\"icon icon-image\"><img decoding=\"async\" src=\"https:\/\/gaidi.de\/wp-content\/uploads\/2023\/03\/icon-3.png\" alt=\"4\"\/><\/span>\r\n                  \r\n            <\/div>\r\n         \r\n         <div class=\"content-inner\">\r\n                           <h3 class=\"title\">\r\n                  4               <\/h3>\r\n            \r\n                           <div class=\"desc\">Soutien linguistique et culturel aux r\u00e9fugi\u00e9s et aux migrants dans leur communication avec les institutions et la soci\u00e9t\u00e9<\/div>\r\n            \r\n         <\/div>\r\n      <\/div> \r\n   \r\n   \r\n      \r\n\r\n\r\n<\/div>\t\t\t\t<\/div>\n\t\t\t\t<\/div>\n\t\t\t\t\t<\/div>\n\t\t<\/div>\n\t\t\t\t<div class=\"elementor-column elementor-col-33 elementor-top-column elementor-element elementor-element-48f5e1bc column-style-top column-top\" data-id=\"48f5e1bc\" data-element_type=\"column\" data-e-type=\"column\">\n\t\t\t<div class=\"elementor-widget-wrap elementor-element-populated\">\n\t\t\t\t\t\t<div class=\"elementor-element elementor-element-2d1cc6b8 elementor-widget elementor-widget-gva-icon-box-styles\" data-id=\"2d1cc6b8\" data-element_type=\"widget\" data-e-type=\"widget\" data-widget_type=\"gva-icon-box-styles.default\">\n\t\t\t\t<div class=\"elementor-widget-container\">\n\t\t\t\t\t<div class=\"gva-element-gva-icon-box-styles gva-element\">\r\n         <div class=\"widget gsc-icon-box-styles style-1\">\r\n         \r\n                     <div class=\"icon-inner\">\r\n                                                <span class=\"icon icon-image\"><img decoding=\"async\" src=\"https:\/\/gaidi.de\/wp-content\/uploads\/2023\/03\/icon-3.png\" alt=\"5\"\/><\/span>\r\n                  \r\n            <\/div>\r\n         \r\n         <div class=\"content-inner\">\r\n                           <h3 class=\"title\">\r\n                  5               <\/h3>\r\n            \r\n                           <div class=\"desc\">Organisation de s\u00e9minaires et d'ateliers sur les questions d'int\u00e9gration<\/div>\r\n            \r\n         <\/div>\r\n      <\/div> \r\n   \r\n   \r\n      \r\n\r\n\r\n<\/div>\t\t\t\t<\/div>\n\t\t\t\t<\/div>\n\t\t\t\t\t<\/div>\n\t\t<\/div>\n\t\t\t\t<div class=\"elementor-column elementor-col-33 elementor-top-column elementor-element elementor-element-206604d8 column-style-top column-top\" data-id=\"206604d8\" data-element_type=\"column\" data-e-type=\"column\">\n\t\t\t<div class=\"elementor-widget-wrap\">\n\t\t\t\t\t\t\t<\/div>\n\t\t<\/div>\n\t\t\t\t\t<\/div>\n\t\t<\/section>\n\t\t\t\t<\/div>","protected":false},"excerpt":{"rendered":"<p>WAS GAID bietet: 1 Kostenlose und vertrauliche Qualit\u00e4tsberatung f\u00fcr Fl\u00fcchtlinge und Migranten zu Fragen im Zusammenhang mit Sprach- und Integrationskursen, Bildung und Ausbildung, Aufenthaltsrecht, Sozialhilfe, administrativen und sozialen Fragen 2 Begleitung von Fl\u00fcchtlingen und Migranten zu Terminen, z. B. zu Beh\u00f6rden und \u00c4rzten 3 Praktische Hilfe und Unterst\u00fctzung f\u00fcr Fl\u00fcchtlinge und Migranten beim Ausf\u00fcllen von [&hellip;]<\/p>","protected":false},"author":1,"featured_media":0,"parent":0,"menu_order":0,"comment_status":"closed","ping_status":"closed","template":"","meta":{"footnotes":"","_links_to":"","_links_to_target":""},"class_list":["post-190","page","type-page","status-publish","hentry"],"_links":{"self":[{"href":"https:\/\/gaidi.de\/fr\/wp-json\/wp\/v2\/pages\/190","targetHints":{"allow":["GET"]}}],"collection":[{"href":"https:\/\/gaidi.de\/fr\/wp-json\/wp\/v2\/pages"}],"about":[{"href":"https:\/\/gaidi.de\/fr\/wp-json\/wp\/v2\/types\/page"}],"author":[{"embeddable":true,"href":"https:\/\/gaidi.de\/fr\/wp-json\/wp\/v2\/users\/1"}],"replies":[{"embeddable":true,"href":"https:\/\/gaidi.de\/fr\/wp-json\/wp\/v2\/comments?post=190"}],"version-history":[{"count":4,"href":"https:\/\/gaidi.de\/fr\/wp-json\/wp\/v2\/pages\/190\/revisions"}],"predecessor-version":[{"id":196,"href":"https:\/\/gaidi.de\/fr\/wp-json\/wp\/v2\/pages\/190\/revisions\/196"}],"wp:attachment":[{"href":"https:\/\/gaidi.de\/fr\/wp-json\/wp\/v2\/media?parent=190"}],"curies":[{"name":"wp","href":"https:\/\/api.w.org\/{rel}","templated":true}]}}