{"id":628,"date":"2024-10-29T07:42:16","date_gmt":"2024-10-29T07:42:16","guid":{"rendered":"https:\/\/gaidi.de\/?page_id=628"},"modified":"2024-10-29T07:55:01","modified_gmt":"2024-10-29T07:55:01","slug":"unterstuetzung-fuer-afrikanische-neuankoemmlinge","status":"publish","type":"page","link":"https:\/\/gaidi.de\/en\/unterstuetzung-fuer-afrikanische-neuankoemmlinge\/","title":{"rendered":"Supporting African Newcomers"},"content":{"rendered":"<div data-elementor-type=\"wp-page\" data-elementor-id=\"628\" class=\"elementor elementor-628\" data-elementor-post-type=\"page\">\n\t\t\t\t<div class=\"elementor-element elementor-element-3eff13e4 e-flex e-con-boxed e-con e-parent\" data-id=\"3eff13e4\" data-element_type=\"container\" data-e-type=\"container\">\n\t\t\t\t\t<div class=\"e-con-inner\">\n\t\t\t\t<div class=\"elementor-element elementor-element-6d619ba6 elementor-widget elementor-widget-text-editor\" data-id=\"6d619ba6\" data-element_type=\"widget\" data-e-type=\"widget\" data-widget_type=\"text-editor.default\">\n\t\t\t\t<div class=\"elementor-widget-container\">\n\t\t\t\t\t\t\t\t\t\n<p>The German-African Initiative for Development and Integration (GAIDI) gUG is a non-profit social organization dedicated to supporting newcomers from Africa\u2014whether refugees, asylum-seekers, students, or other migrants\u2014as they establish themselves in Germany. Since our inception in January 2023, we have been committed to creating pathways for successful integration, fostering community, and advocating for migrants' empowerment.<\/p>\n\n\n\n<p class=\"translation-block\">Our founder, Femi Awoniyi, a seasoned journalist, has dedicated his career to reporting on migration, integration and African diaspora life in Germany and Europe. As the publisher of The African Courier, Femi has gained deep insights into the common challenges faced by Africans in Germany and has used his platform to amplify their voices.<\/p>\n\n\n\n<p>An active member of the African community, Femi previously served as President of Nigerians in Diaspora Organisation Germany e.V. (2021\u20132023). He has consistently volunteered in integration support initiatives, most recently co-founding the \"Help for Africans from Ukraine in Germany\" (HAUG) initiative to aid Africans fleeing the conflict in Ukraine. With GAIDI, he brings together his wealth of experience and network to build sustainable programs that empower migrants.<\/p>\n\t\t\t\t\t\t\t\t<\/div>\n\t\t\t\t<\/div>\n\t\t\t\t\t<\/div>\n\t\t\t\t<\/div>\n\t\t<div class=\"elementor-element elementor-element-9ee2191 e-flex e-con-boxed e-con e-parent\" data-id=\"9ee2191\" data-element_type=\"container\" data-e-type=\"container\">\n\t\t\t\t\t<div class=\"e-con-inner\">\n\t\t<div class=\"elementor-element elementor-element-91930ed e-con-full e-flex e-con e-child\" data-id=\"91930ed\" data-element_type=\"container\" data-e-type=\"container\">\n\t\t\t\t<div class=\"elementor-element elementor-element-c023f9c elementor-widget elementor-widget-heading\" data-id=\"c023f9c\" data-element_type=\"widget\" data-e-type=\"widget\" data-widget_type=\"heading.default\">\n\t\t\t\t<div class=\"elementor-widget-container\">\n\t\t\t\t\t<h2 class=\"elementor-heading-title elementor-size-default\">Our Mission<\/h2>\t\t\t\t<\/div>\n\t\t\t\t<\/div>\n\t\t\t\t<div class=\"elementor-element elementor-element-105353c elementor-widget elementor-widget-text-editor\" data-id=\"105353c\" data-element_type=\"widget\" data-e-type=\"widget\" data-widget_type=\"text-editor.default\">\n\t\t\t\t<div class=\"elementor-widget-container\">\n\t\t\t\t\t\t\t\t\t<p>GAIDI believes that integration is true empowerment. By equipping newcomers to reach their full potential, we foster a dynamic environment where migrants can thrive and actively contribute to the development of their host communities. Our programs help bridge gaps, alleviate challenges and nurture a culture of mutual support within the African community.<\/p>\t\t\t\t\t\t\t\t<\/div>\n\t\t\t\t<\/div>\n\t\t\t\t<\/div>\n\t\t<div class=\"elementor-element elementor-element-7f40c0e e-con-full e-flex e-con e-child\" data-id=\"7f40c0e\" data-element_type=\"container\" data-e-type=\"container\">\n\t\t\t\t<div class=\"elementor-element elementor-element-8bb3072 elementor-widget elementor-widget-heading\" data-id=\"8bb3072\" data-element_type=\"widget\" data-e-type=\"widget\" data-widget_type=\"heading.default\">\n\t\t\t\t<div class=\"elementor-widget-container\">\n\t\t\t\t\t<h2 class=\"elementor-heading-title elementor-size-default\">Our Focus Areas <\/h2>\t\t\t\t<\/div>\n\t\t\t\t<\/div>\n\t\t\t\t<div class=\"elementor-element elementor-element-f6cb438 elementor-widget elementor-widget-text-editor\" data-id=\"f6cb438\" data-element_type=\"widget\" data-e-type=\"widget\" data-widget_type=\"text-editor.default\">\n\t\t\t\t<div class=\"elementor-widget-container\">\n\t\t\t\t\t\t\t\t\t<p class=\"translation-block\">- <strong>Integration Support<\/strong>: We offer guidance and resources that help newcomers navigate life in Germany, empowering them to build successful futures.<\/p>\n<p class=\"translation-block\">- <strong>Promoting Volunteerism<\/strong>: We encourage self-help and community service within the African diaspora and a proactive diaspora role in African development.<\/p>\n<p class=\"translation-block\">- <strong>Strengthening German-African Relations<\/strong>: we aim to build stronger, mutually beneficial ties between Germany and African nations.<\/p>\t\t\t\t\t\t\t\t<\/div>\n\t\t\t\t<\/div>\n\t\t\t\t<\/div>\n\t\t\t\t\t<\/div>\n\t\t\t\t<\/div>\n\t\t<div class=\"elementor-element elementor-element-f511d55 e-flex e-con-boxed e-con e-parent\" data-id=\"f511d55\" data-element_type=\"container\" data-e-type=\"container\">\n\t\t\t\t\t<div class=\"e-con-inner\">\n\t\t\t\t<div class=\"elementor-element elementor-element-829b3c1 elementor-widget elementor-widget-heading\" data-id=\"829b3c1\" data-element_type=\"widget\" data-e-type=\"widget\" data-widget_type=\"heading.default\">\n\t\t\t\t<div class=\"elementor-widget-container\">\n\t\t\t\t\t<h2 class=\"elementor-heading-title elementor-size-default\">How You Can Support GAIDI\u2019s Work<\/h2>\t\t\t\t<\/div>\n\t\t\t\t<\/div>\n\t\t\t\t<div class=\"elementor-element elementor-element-731cb11 elementor-widget elementor-widget-text-editor\" data-id=\"731cb11\" data-element_type=\"widget\" data-e-type=\"widget\" data-widget_type=\"text-editor.default\">\n\t\t\t\t<div class=\"elementor-widget-container\">\n\t\t\t\t\t\t\t\t\t<p>With your support, we can continue to sustain and expand these vital services. Every donation helps us provide resources, organize events and develop innovative integration programs that make a meaningful difference in people's lives.<\/p>\t\t\t\t\t\t\t\t<\/div>\n\t\t\t\t<\/div>\n\t\t\t\t<div class=\"elementor-element elementor-element-21f987b elementor-widget elementor-widget-heading\" data-id=\"21f987b\" data-element_type=\"widget\" data-e-type=\"widget\" data-widget_type=\"heading.default\">\n\t\t\t\t<div class=\"elementor-widget-container\">\n\t\t\t\t\t<h4 class=\"elementor-heading-title elementor-size-default\">Donate Today!<\/h4>\t\t\t\t<\/div>\n\t\t\t\t<\/div>\n\t\t\t\t<div class=\"elementor-element elementor-element-726f6c6 elementor-widget elementor-widget-text-editor\" data-id=\"726f6c6\" data-element_type=\"widget\" data-e-type=\"widget\" data-widget_type=\"text-editor.default\">\n\t\t\t\t<div class=\"elementor-widget-container\">\n\t\t\t\t\t\t\t\t\t<p><strong>GAIDI gUG<\/strong><br \/>IBAN: DE59 1005 0000 0190 9027 52 <br \/>BIC: BELADEBEXXX <br \/>Berliner Sparkasse\u00a0<\/p>\t\t\t\t\t\t\t\t<\/div>\n\t\t\t\t<\/div>\n\t\t\t\t<div class=\"elementor-element elementor-element-8c3f21f elementor-widget elementor-widget-text-editor\" data-id=\"8c3f21f\" data-element_type=\"widget\" data-e-type=\"widget\" data-widget_type=\"text-editor.default\">\n\t\t\t\t<div class=\"elementor-widget-container\">\n\t\t\t\t\t\t\t\t\t<p>Please include your address in the payment reference if you would like to be issued a donation receipt for tax purposes. As a non-profit organization, GAIDI gUG is entitled to issue donation receipts that can be used for tax deductions.<\/p>\n<p>Thank you for partnering with us to make a lasting impact!<\/p>\t\t\t\t\t\t\t\t<\/div>\n\t\t\t\t<\/div>\n\t\t\t\t\t<\/div>\n\t\t\t\t<\/div>\n\t\t\t\t<\/div>","protected":false},"excerpt":{"rendered":"<p>Die Deutsch-Afrikanische Initiative f\u00fcr Entwicklung und Integration (GAIDI) gUG ist eine gemeinn\u00fctzige soziale Organisation, die es sich zur Aufgabe gemacht hat, Neuank\u00f6mmlinge aus Afrika &#8211; seien es Fl\u00fcchtlinge, Asylsuchende, Studierende oder andere Migranten &#8211; bei ihrer Etablierung in Deutschland zu unterst\u00fctzen. Seit unserer Gr\u00fcndung im Januar 2023 setzen wir uns daf\u00fcr ein, Wege f\u00fcr eine [&hellip;]<\/p>","protected":false},"author":1,"featured_media":0,"parent":0,"menu_order":0,"comment_status":"closed","ping_status":"closed","template":"","meta":{"footnotes":"","_links_to":"","_links_to_target":""},"class_list":["post-628","page","type-page","status-publish","hentry"],"_links":{"self":[{"href":"https:\/\/gaidi.de\/en\/wp-json\/wp\/v2\/pages\/628","targetHints":{"allow":["GET"]}}],"collection":[{"href":"https:\/\/gaidi.de\/en\/wp-json\/wp\/v2\/pages"}],"about":[{"href":"https:\/\/gaidi.de\/en\/wp-json\/wp\/v2\/types\/page"}],"author":[{"embeddable":true,"href":"https:\/\/gaidi.de\/en\/wp-json\/wp\/v2\/users\/1"}],"replies":[{"embeddable":true,"href":"https:\/\/gaidi.de\/en\/wp-json\/wp\/v2\/comments?post=628"}],"version-history":[{"count":4,"href":"https:\/\/gaidi.de\/en\/wp-json\/wp\/v2\/pages\/628\/revisions"}],"predecessor-version":[{"id":632,"href":"https:\/\/gaidi.de\/en\/wp-json\/wp\/v2\/pages\/628\/revisions\/632"}],"wp:attachment":[{"href":"https:\/\/gaidi.de\/en\/wp-json\/wp\/v2\/media?parent=628"}],"curies":[{"name":"wp","href":"https:\/\/api.w.org\/{rel}","templated":true}]}}