{"id":48,"date":"2023-03-07T20:57:01","date_gmt":"2023-03-07T20:57:01","guid":{"rendered":"https:\/\/gaidi.de\/?page_id=48"},"modified":"2023-03-08T20:34:58","modified_gmt":"2023-03-08T20:34:58","slug":"impressum","status":"publish","type":"page","link":"https:\/\/gaidi.de\/en\/impressum\/","title":{"rendered":"Imprint"},"content":{"rendered":"<div data-elementor-type=\"wp-page\" data-elementor-id=\"48\" class=\"elementor elementor-48\" data-elementor-post-type=\"page\">\n\t\t\t\t\t\t<section class=\"elementor-section elementor-top-section elementor-element elementor-element-573503a elementor-section-boxed elementor-section-height-default elementor-section-height-default\" data-id=\"573503a\" data-element_type=\"section\" data-e-type=\"section\">\n\t\t\t\t\t\t<div class=\"elementor-container elementor-column-gap-default\">\n\t\t\t\t\t<div class=\"elementor-column elementor-col-100 elementor-top-column elementor-element elementor-element-a9e74dd column-style-top column-top\" data-id=\"a9e74dd\" data-element_type=\"column\" data-e-type=\"column\">\n\t\t\t<div class=\"elementor-widget-wrap elementor-element-populated\">\n\t\t\t\t\t\t<div class=\"elementor-element elementor-element-71ea054 elementor-widget elementor-widget-text-editor\" data-id=\"71ea054\" data-element_type=\"widget\" data-e-type=\"widget\" data-widget_type=\"text-editor.default\">\n\t\t\t\t<div class=\"elementor-widget-container\">\n\t\t\t\t\t\t\t\t\t<p class=\"Standard\">German-African Initiative for Development and Integration (GAIDI) UG<br \/>non-profit limited liability company<br \/>Flankenschanze 4,<br \/>13585 Berlin,<br \/>Germany.<\/p><p class=\"Standard\">Managing director authorized to represent the company: Femi Awoniyi<\/p>\t\t\t\t\t\t\t\t<\/div>\n\t\t\t\t<\/div>\n\t\t\t\t<div class=\"elementor-element elementor-element-f252b66 elementor-widget elementor-widget-heading\" data-id=\"f252b66\" data-element_type=\"widget\" data-e-type=\"widget\" data-widget_type=\"heading.default\">\n\t\t\t\t<div class=\"elementor-widget-container\">\n\t\t\t\t\t<h2 class=\"elementor-heading-title elementor-size-default\">Liability and copyright<\/h2>\t\t\t\t<\/div>\n\t\t\t\t<\/div>\n\t\t\t\t<div class=\"elementor-element elementor-element-71622bd elementor-widget elementor-widget-text-editor\" data-id=\"71622bd\" data-element_type=\"widget\" data-e-type=\"widget\" data-widget_type=\"text-editor.default\">\n\t\t\t\t<div class=\"elementor-widget-container\">\n\t\t\t\t\t\t\t\t\t<h5>1. General<\/h5>\nThe data and information contained on these web pages are constantly checked and updated. Despite all care, data may have changed in the meantime. A guarantee for topicality, correctness or completeness of the data and information provided can therefore not be accepted. \"gaidi.de\" is not liable for any damages due to actions taken on the basis of the information or data contained on this or any of the other pages.\n\n<h5>2. Disclaimer<\/h5>\n\"gaidi.de\" is only liable for its own content according to the general laws. In addition, it assumes no liability for the timeliness, accuracy, completeness or quality of the data and information provided.\n\n\"gaidi.de\" expressly reserves the right to change, supplement, delete or temporarily or permanently cease publication of parts of the pages or the entire offer without separate announcement.\n\nContents of other providers, to which \"gaidi.de\" refers by means of direct or indirect links, do not reflect the opinion of \"gaidi.de\". \"gaidi.de\" is also not responsible for the contents of other providers and has no influence on the contents provided there and dissociates itself from the contents of the linked pages, insofar as they were changed after the link was set. \"gaidi.de\" expressly emphasizes that at the time of linking, no illegal content was recognizable on the linked pages.\n\n<h5>3. Copyright<\/h5>\nAll contents of the pages were provided by the authors or agencies named there. If no author or agency is named, \"gaidi.de\" is understood to be the author. Contents of the pages may not be used, neither in whole nor in part, unless explicitly marked otherwise, without written permission from \"gaidi.de\".\n\n<h5>4. Data Protection<\/h5>\nYour data will be processed and managed in accordance with the church data protection guidelines (KDO) in line with the EU-DSGVO.\t\t\t\t\t\t\t\t<\/div>\n\t\t\t\t<\/div>\n\t\t\t\t\t<\/div>\n\t\t<\/div>\n\t\t\t\t\t<\/div>\n\t\t<\/section>\n\t\t\t\t<\/div>","protected":false},"excerpt":{"rendered":"<p>German-African Initiative for Development and Integration (GAIDI) UGgemeinn\u00fctzige Gesellschaft mit beschr\u00e4nkter Haftung)Flankenschanze 4,13585 Berlin,Germany. Vertretungsberechtigter Gesch\u00e4ftsf\u00fchrer: Femi Awoniyi Haftung und Urheberrecht 1. Allgemein Die auf diesen Webseiten enthaltenen Angaben und Informationen werden st\u00e4ndig \u00fcberpr\u00fcft und aktualisiert. Trotz aller Sorgfalt k\u00f6nnen sich Daten zwischenzeitlich ver\u00e4ndert haben. Eine Gew\u00e4hr f\u00fcr Aktualit\u00e4t, Richtigkeit oder Vollst\u00e4ndigkeit der zur Verf\u00fcgung [&hellip;]<\/p>","protected":false},"author":1,"featured_media":0,"parent":0,"menu_order":0,"comment_status":"closed","ping_status":"closed","template":"","meta":{"footnotes":"","_links_to":"","_links_to_target":""},"class_list":["post-48","page","type-page","status-publish","hentry"],"_links":{"self":[{"href":"https:\/\/gaidi.de\/en\/wp-json\/wp\/v2\/pages\/48","targetHints":{"allow":["GET"]}}],"collection":[{"href":"https:\/\/gaidi.de\/en\/wp-json\/wp\/v2\/pages"}],"about":[{"href":"https:\/\/gaidi.de\/en\/wp-json\/wp\/v2\/types\/page"}],"author":[{"embeddable":true,"href":"https:\/\/gaidi.de\/en\/wp-json\/wp\/v2\/users\/1"}],"replies":[{"embeddable":true,"href":"https:\/\/gaidi.de\/en\/wp-json\/wp\/v2\/comments?post=48"}],"version-history":[{"count":10,"href":"https:\/\/gaidi.de\/en\/wp-json\/wp\/v2\/pages\/48\/revisions"}],"predecessor-version":[{"id":171,"href":"https:\/\/gaidi.de\/en\/wp-json\/wp\/v2\/pages\/48\/revisions\/171"}],"wp:attachment":[{"href":"https:\/\/gaidi.de\/en\/wp-json\/wp\/v2\/media?parent=48"}],"curies":[{"name":"wp","href":"https:\/\/api.w.org\/{rel}","templated":true}]}}