{"id":40,"date":"2023-03-07T20:53:59","date_gmt":"2023-03-07T20:53:59","guid":{"rendered":"https:\/\/gaidi.de\/?page_id=40"},"modified":"2023-03-07T21:13:19","modified_gmt":"2023-03-07T21:13:19","slug":"was-wir-tun","status":"publish","type":"page","link":"https:\/\/gaidi.de\/en\/was-wir-tun\/","title":{"rendered":"What We Do"},"content":{"rendered":"<div data-elementor-type=\"wp-page\" data-elementor-id=\"40\" class=\"elementor elementor-40\" data-elementor-post-type=\"page\">\n\t\t\t\t\t\t<section class=\"elementor-section elementor-top-section elementor-element elementor-element-5e102b75 elementor-section-boxed elementor-section-height-default elementor-section-height-default\" data-id=\"5e102b75\" data-element_type=\"section\" data-e-type=\"section\" data-settings=\"{&quot;background_background&quot;:&quot;classic&quot;}\">\n\t\t\t\t\t\t<div class=\"elementor-container elementor-column-gap-default\">\n\t\t\t\t\t<div class=\"elementor-column elementor-col-50 elementor-top-column elementor-element elementor-element-35429d65 column-style-top column-top\" data-id=\"35429d65\" data-element_type=\"column\" data-e-type=\"column\">\n\t\t\t<div class=\"elementor-widget-wrap elementor-element-populated\">\n\t\t\t\t\t\t<div class=\"elementor-element elementor-element-10a609fb elementor-widget elementor-widget-image\" data-id=\"10a609fb\" data-element_type=\"widget\" data-e-type=\"widget\" data-widget_type=\"image.default\">\n\t\t\t\t<div class=\"elementor-widget-container\">\n\t\t\t\t\t\t\t\t\t\t\t\t\t\t\t<img fetchpriority=\"high\" decoding=\"async\" width=\"1083\" height=\"609\" src=\"https:\/\/gaidi.de\/wp-content\/uploads\/2023\/03\/WhatsApp-Image-2022-06-21-at-5.50.25-PM-2.jpeg\" class=\"attachment-full size-full wp-image-57\" alt=\"\" \/>\t\t\t\t\t\t\t\t\t\t\t\t\t\t\t<\/div>\n\t\t\t\t<\/div>\n\t\t\t\t\t<\/div>\n\t\t<\/div>\n\t\t\t\t<div class=\"elementor-column elementor-col-50 elementor-top-column elementor-element elementor-element-3cdb5d9b column-style-top column-top\" data-id=\"3cdb5d9b\" data-element_type=\"column\" data-e-type=\"column\">\n\t\t\t<div class=\"elementor-widget-wrap elementor-element-populated\">\n\t\t\t\t\t\t<div class=\"elementor-element elementor-element-72e574ce elementor-widget elementor-widget-gva-heading-block\" data-id=\"72e574ce\" data-element_type=\"widget\" data-e-type=\"widget\" data-widget_type=\"gva-heading-block.default\">\n\t\t\t\t<div class=\"elementor-widget-container\">\n\t\t\t\t\t<div class=\"gva-element-gva-heading-block gva-element\">   <div class=\"align-left style-1 widget gsc-heading\">\r\n      <div class=\"content-inner\">\r\n           \r\n                     <h2 class=\"title\">\r\n               <span>Our Activities<\/span>\r\n            <\/h2>\r\n                                       <div class=\"title-desc\">(a) We disseminate free information about German society and culture, laws and regulations as an orientation aid for African migrants and newcomers in Germany,<br><br>\n\n(b) We implement free programmes, workshops and seminars for the integration of African migrants and newcomers in Germany,<br><br>\n(c) We provide free counselling and legal advice to African refugees in Germany,<br><br>\n\n(d) We provide free counselling and support for African refugees in their search for employment and training opportunities,<br><br>\n\n(e) We promote intercultural encounters and work for a better understanding of African culture in Germany,<br><br>\n\n(f) We promote German-African relations in the spirit of peaceful cooperation and international understanding.<br><br>\n\n(g) We promote the engagement of Africans living in diaspora in the development of their home countries<br><br>\n\n(h) We enlighten young Africans in Africa about the dangers of irregular migration and provide them information about legal ways to migrate to Germany and Europe<\/div>\r\n         \r\n               <\/div>\r\n   <\/div>\r\n   <div class=\"clearfix\"><\/div>\r\n<\/div>\t\t\t\t<\/div>\n\t\t\t\t<\/div>\n\t\t\t\t\t<\/div>\n\t\t<\/div>\n\t\t\t\t\t<\/div>\n\t\t<\/section>\n\t\t\t\t<\/div>","protected":false},"excerpt":{"rendered":"<p>Unsere Aktivit\u00e4ten (a) Wir verbreiten kostenlose Informationen \u00fcber die deutsche Gesellschaft und Kultur, Gesetze und Vorschriften als Orientierungshilfe f\u00fcr afrikanische Migranten und Neuank\u00f6mmlinge in Deutschland (b) Wir f\u00fchren kostenlose Programme, Workshops und Seminare f\u00fcr die Integration von afrikanischen Migranten und Neuank\u00f6mmlingen in Deutschland. (c) Wir bieten kostenlose Beratung und Rechtsberatung f\u00fcr afrikanische Fl\u00fcchtlinge in Deutschland [&hellip;]<\/p>","protected":false},"author":1,"featured_media":0,"parent":0,"menu_order":0,"comment_status":"closed","ping_status":"closed","template":"","meta":{"footnotes":"","_links_to":"","_links_to_target":""},"class_list":["post-40","page","type-page","status-publish","hentry"],"_links":{"self":[{"href":"https:\/\/gaidi.de\/en\/wp-json\/wp\/v2\/pages\/40","targetHints":{"allow":["GET"]}}],"collection":[{"href":"https:\/\/gaidi.de\/en\/wp-json\/wp\/v2\/pages"}],"about":[{"href":"https:\/\/gaidi.de\/en\/wp-json\/wp\/v2\/types\/page"}],"author":[{"embeddable":true,"href":"https:\/\/gaidi.de\/en\/wp-json\/wp\/v2\/users\/1"}],"replies":[{"embeddable":true,"href":"https:\/\/gaidi.de\/en\/wp-json\/wp\/v2\/comments?post=40"}],"version-history":[{"count":11,"href":"https:\/\/gaidi.de\/en\/wp-json\/wp\/v2\/pages\/40\/revisions"}],"predecessor-version":[{"id":67,"href":"https:\/\/gaidi.de\/en\/wp-json\/wp\/v2\/pages\/40\/revisions\/67"}],"wp:attachment":[{"href":"https:\/\/gaidi.de\/en\/wp-json\/wp\/v2\/media?parent=40"}],"curies":[{"name":"wp","href":"https:\/\/api.w.org\/{rel}","templated":true}]}}