{"id":272,"date":"2023-08-10T08:48:23","date_gmt":"2023-08-10T08:48:23","guid":{"rendered":"https:\/\/gaidi.de\/?page_id=272"},"modified":"2023-08-10T09:03:19","modified_gmt":"2023-08-10T09:03:19","slug":"gaidi-internationale-bildungsdienste","status":"publish","type":"page","link":"https:\/\/gaidi.de\/en\/gaidi-internationale-bildungsdienste\/","title":{"rendered":"GAIDI International Education Services"},"content":{"rendered":"<div data-elementor-type=\"wp-page\" data-elementor-id=\"272\" class=\"elementor elementor-272\" data-elementor-post-type=\"page\">\n\t\t\t\t\t\t<section class=\"elementor-section elementor-top-section elementor-element elementor-element-a5e4048 elementor-section-boxed elementor-section-height-default elementor-section-height-default\" data-id=\"a5e4048\" data-element_type=\"section\" data-e-type=\"section\">\n\t\t\t\t\t\t<div class=\"elementor-container elementor-column-gap-default\">\n\t\t\t\t\t<div class=\"elementor-column elementor-col-33 elementor-top-column elementor-element elementor-element-5c8619a column-style-top column-top\" data-id=\"5c8619a\" data-element_type=\"column\" data-e-type=\"column\">\n\t\t\t<div class=\"elementor-widget-wrap elementor-element-populated\">\n\t\t\t\t\t\t<div class=\"elementor-element elementor-element-fd0c587 elementor-widget elementor-widget-image\" data-id=\"fd0c587\" data-element_type=\"widget\" data-e-type=\"widget\" data-widget_type=\"image.default\">\n\t\t\t\t<div class=\"elementor-widget-container\">\n\t\t\t\t\t\t\t\t\t\t\t\t\t\t\t<img fetchpriority=\"high\" decoding=\"async\" width=\"1339\" height=\"700\" src=\"https:\/\/gaidi.de\/wp-content\/uploads\/2023\/08\/Uni-Heidelberg-22.jpg\" class=\"attachment-full size-full wp-image-276\" alt=\"Uni-Heidelberg\" \/>\t\t\t\t\t\t\t\t\t\t\t\t\t\t\t<\/div>\n\t\t\t\t<\/div>\n\t\t\t\t\t<\/div>\n\t\t<\/div>\n\t\t\t\t<div class=\"elementor-column elementor-col-66 elementor-top-column elementor-element elementor-element-ac6e6d9 column-style-top column-top\" data-id=\"ac6e6d9\" data-element_type=\"column\" data-e-type=\"column\">\n\t\t\t<div class=\"elementor-widget-wrap elementor-element-populated\">\n\t\t\t\t\t\t<div class=\"elementor-element elementor-element-afa76fb elementor-widget elementor-widget-text-editor\" data-id=\"afa76fb\" data-element_type=\"widget\" data-e-type=\"widget\" data-widget_type=\"text-editor.default\">\n\t\t\t\t<div class=\"elementor-widget-container\">\n\t\t\t\t\t\t\t\t\t<p>As part of our work to discourage irregular migration in Africa, we encourage young people to seek legal ways of migration to Europe and other destinations of their interest. One of these is to study and receive training.<\/p>\t\t\t\t\t\t\t\t<\/div>\n\t\t\t\t<\/div>\n\t\t\t\t<div class=\"elementor-element elementor-element-8261551 elementor-widget elementor-widget-text-editor\" data-id=\"8261551\" data-element_type=\"widget\" data-e-type=\"widget\" data-widget_type=\"text-editor.default\">\n\t\t\t\t<div class=\"elementor-widget-container\">\n\t\t\t\t\t\t\t\t\t<p>GAIDI is are here to assist you every step of the way towards studying or receiving training in Germany.<\/p>\t\t\t\t\t\t\t\t<\/div>\n\t\t\t\t<\/div>\n\t\t\t\t<div class=\"elementor-element elementor-element-4168fc5 elementor-widget elementor-widget-text-editor\" data-id=\"4168fc5\" data-element_type=\"widget\" data-e-type=\"widget\" data-widget_type=\"text-editor.default\">\n\t\t\t\t<div class=\"elementor-widget-container\">\n\t\t\t\t\t\t\t\t\t<p>We provide you with information about the most suitable course options, the institutions offering these courses, the application, language and financial requirements, and how best to get admission, among others. Moreover, we offer pre and post-arrival assistance in Germany.<\/p>\t\t\t\t\t\t\t\t<\/div>\n\t\t\t\t<\/div>\n\t\t\t\t<div class=\"elementor-element elementor-element-653d456 elementor-widget elementor-widget-text-editor\" data-id=\"653d456\" data-element_type=\"widget\" data-e-type=\"widget\" data-widget_type=\"text-editor.default\">\n\t\t\t\t<div class=\"elementor-widget-container\">\n\t\t\t\t\t\t\t\t\t<p>Here\u2019s why studying in Germany is an opportunity worth exploring for young Africans:<\/p><ul><li>Excellent quality education for very low or even no tuition fees at publicly-funded higher institutions of learning.  Please note that private institutions charge tuition fees<\/li><li>There are 427 state-accredited institutions of higher education in Germany. Together, they offer a total of more than 18,000 degree programmes.<\/li><li>Viele der deutschen Hochschulen bieten englischsprachige Studieng\u00e4nge an &#8211; insgesamt etwa 1.000 (meist postgraduale Studieng\u00e4nge).<\/li><li>Die Lebenshaltungskosten in Deutschland sind im Vergleich zu anderen westeurop\u00e4ischen L\u00e4ndern relativ bescheiden. Im Durchschnitt k\u00f6nnen Studierende mit 800-900 Euro pro Monat auskommen &#8211; f\u00fcr Miete, Essen, Transport, Krankenversicherung, Telefon\/Internet, Studienmaterial und Freizeitaktivit\u00e4ten.<\/li><li>Foreign students are allowed to work part-time for a maximum of 20 hours per week and full-time during holidays.<\/li><li>Opportunities to work in Germany after you graduate. Graduates are granted an 18-month post-study residence permit (stay-back visa), allowing them to find work in Germany.<\/li><li>Germany is reputed as one of the world\u2019s most supportive countries for international students<\/li><li>For those who would like to receive vocational training in Germany, there are no fees. In fact, you receive a living allowance during the period of your training.<\/li><\/ul><p>Let us be your Guide!<\/p><p>Contact GAIDI today at info@gaidi.de <a href=\"mailto:info@gaidi.de\">info@gaidi.de<\/a><\/p>\t\t\t\t\t\t\t\t<\/div>\n\t\t\t\t<\/div>\n\t\t\t\t\t<\/div>\n\t\t<\/div>\n\t\t\t\t\t<\/div>\n\t\t<\/section>\n\t\t\t\t<\/div>","protected":false},"excerpt":{"rendered":"<p>Im Rahmen unserer Arbeit zur Bek\u00e4mpfung der irregul\u00e4ren Migration in Afrika ermutigen wir junge Menschen, legale Wege der Migration nach Europa und zu anderen Zielorten ihres Interesses zu suchen. Einer dieser Wege ist das Studium und die Ausbildung. GAIDI unterst\u00fctzt Sie bei jedem Schritt auf dem Weg zu einem Studium oder einer Ausbildung in Deutschland. [&hellip;]<\/p>","protected":false},"author":1,"featured_media":0,"parent":0,"menu_order":0,"comment_status":"closed","ping_status":"closed","template":"","meta":{"footnotes":"","_links_to":"","_links_to_target":""},"class_list":["post-272","page","type-page","status-publish","hentry"],"_links":{"self":[{"href":"https:\/\/gaidi.de\/en\/wp-json\/wp\/v2\/pages\/272","targetHints":{"allow":["GET"]}}],"collection":[{"href":"https:\/\/gaidi.de\/en\/wp-json\/wp\/v2\/pages"}],"about":[{"href":"https:\/\/gaidi.de\/en\/wp-json\/wp\/v2\/types\/page"}],"author":[{"embeddable":true,"href":"https:\/\/gaidi.de\/en\/wp-json\/wp\/v2\/users\/1"}],"replies":[{"embeddable":true,"href":"https:\/\/gaidi.de\/en\/wp-json\/wp\/v2\/comments?post=272"}],"version-history":[{"count":5,"href":"https:\/\/gaidi.de\/en\/wp-json\/wp\/v2\/pages\/272\/revisions"}],"predecessor-version":[{"id":279,"href":"https:\/\/gaidi.de\/en\/wp-json\/wp\/v2\/pages\/272\/revisions\/279"}],"wp:attachment":[{"href":"https:\/\/gaidi.de\/en\/wp-json\/wp\/v2\/media?parent=272"}],"curies":[{"name":"wp","href":"https:\/\/api.w.org\/{rel}","templated":true}]}}